{"id":30795,"date":"2022-06-15T06:29:01","date_gmt":"2022-06-15T06:29:01","guid":{"rendered":"https:\/\/refactor-second-attempt.torseed.dev.greenparrot.pl\/produkt\/gozdzik-chabaud-mieszanka\/"},"modified":"2023-03-29T18:35:14","modified_gmt":"2023-03-29T18:35:14","slug":"gozdzik-chabaud-mieszanka","status":"publish","type":"product","link":"https:\/\/torseed.eu\/ru\/produkt\/gozdzik-chabaud-mieszanka\/","title":{"rendered":"Go\u017adzik Chabaud mieszanka"},"content":{"rendered":"<p>Ro\u015blina jednoroczna o pe\u0142nych, silnie pachn\u0105cych kwiatach. Wymaga gleby \u017cyznej. Zastosowanie: na rabaty, na kwiat ci\u0119ty.<\/p>","protected":false},"excerpt":{"rendered":"<p>Ro\u015blina jednoroczna o pe\u0142nych, silnie pachn\u0105cych kwiatach. Wymaga gleby \u017cyznej. Zastosowanie: na rabaty, na kwiat ci\u0119ty.<\/p>\n","protected":false},"featured_media":18626,"comment_status":"open","ping_status":"open","template":"","meta":{"inline_featured_image":false},"product_cat":[90,94],"product_tag":[],"acf":[],"featured_image":"https:\/\/torseed.eu\/app\/uploads\/2023\/03\/857.jpg","_links":{"self":[{"href":"https:\/\/torseed.eu\/ru\/wp-json\/wp\/v2\/product\/30795"}],"collection":[{"href":"https:\/\/torseed.eu\/ru\/wp-json\/wp\/v2\/product"}],"about":[{"href":"https:\/\/torseed.eu\/ru\/wp-json\/wp\/v2\/types\/product"}],"replies":[{"embeddable":true,"href":"https:\/\/torseed.eu\/ru\/wp-json\/wp\/v2\/comments?post=30795"}],"version-history":[{"count":0,"href":"https:\/\/torseed.eu\/ru\/wp-json\/wp\/v2\/product\/30795\/revisions"}],"wp:featuredmedia":[{"embeddable":true,"href":"https:\/\/torseed.eu\/ru\/wp-json\/wp\/v2\/media\/18626"}],"wp:attachment":[{"href":"https:\/\/torseed.eu\/ru\/wp-json\/wp\/v2\/media?parent=30795"}],"wp:term":[{"taxonomy":"product_cat","embeddable":true,"href":"https:\/\/torseed.eu\/ru\/wp-json\/wp\/v2\/product_cat?post=30795"},{"taxonomy":"product_tag","embeddable":true,"href":"https:\/\/torseed.eu\/ru\/wp-json\/wp\/v2\/product_tag?post=30795"}],"curies":[{"name":"wp","href":"https:\/\/api.w.org\/{rel}","templated":true}]}}