{"id":30799,"date":"2022-06-15T06:28:52","date_gmt":"2022-06-15T06:28:52","guid":{"rendered":"https:\/\/refactor-second-attempt.torseed.dev.greenparrot.pl\/produkt\/gilia-glowkowa-niebieskofioletowa\/"},"modified":"2023-03-29T18:35:17","modified_gmt":"2023-03-29T18:35:17","slug":"gilia-glowkowa-niebieskofioletowa","status":"publish","type":"product","link":"https:\/\/torseed.eu\/ru\/produkt\/gilia-glowkowa-niebieskofioletowa\/","title":{"rendered":"Gilia g\u0142\u00f3wkowa niebieskofioletowa"},"content":{"rendered":"<p>Ro\u015blina jednoroczna o kulisto-g\u0142\u00f3wkowych jasnoniebieskich kwiatach. Wymaga gleby zasobnej w wapno. Zastosowanie: na kwiat ci\u0119ty, na rabaty.<\/p>","protected":false},"excerpt":{"rendered":"<p>Ro\u015blina jednoroczna o kulisto-g\u0142\u00f3wkowych jasnoniebieskich kwiatach. Wymaga gleby zasobnej w wapno. Zastosowanie: na kwiat ci\u0119ty, na rabaty.<\/p>\n","protected":false},"featured_media":18611,"comment_status":"open","ping_status":"open","template":"","meta":{"inline_featured_image":false},"product_cat":[90,94],"product_tag":[],"acf":[],"featured_image":"https:\/\/torseed.eu\/app\/uploads\/2023\/03\/846.jpg","_links":{"self":[{"href":"https:\/\/torseed.eu\/ru\/wp-json\/wp\/v2\/product\/30799"}],"collection":[{"href":"https:\/\/torseed.eu\/ru\/wp-json\/wp\/v2\/product"}],"about":[{"href":"https:\/\/torseed.eu\/ru\/wp-json\/wp\/v2\/types\/product"}],"replies":[{"embeddable":true,"href":"https:\/\/torseed.eu\/ru\/wp-json\/wp\/v2\/comments?post=30799"}],"version-history":[{"count":0,"href":"https:\/\/torseed.eu\/ru\/wp-json\/wp\/v2\/product\/30799\/revisions"}],"wp:featuredmedia":[{"embeddable":true,"href":"https:\/\/torseed.eu\/ru\/wp-json\/wp\/v2\/media\/18611"}],"wp:attachment":[{"href":"https:\/\/torseed.eu\/ru\/wp-json\/wp\/v2\/media?parent=30799"}],"wp:term":[{"taxonomy":"product_cat","embeddable":true,"href":"https:\/\/torseed.eu\/ru\/wp-json\/wp\/v2\/product_cat?post=30799"},{"taxonomy":"product_tag","embeddable":true,"href":"https:\/\/torseed.eu\/ru\/wp-json\/wp\/v2\/product_tag?post=30799"}],"curies":[{"name":"wp","href":"https:\/\/api.w.org\/{rel}","templated":true}]}}