{"id":30800,"date":"2022-06-15T06:28:52","date_gmt":"2022-06-15T06:28:52","guid":{"rendered":"https:\/\/refactor-second-attempt.torseed.dev.greenparrot.pl\/produkt\/godecja-wielkokwiatowa-biala\/"},"modified":"2023-03-29T18:35:18","modified_gmt":"2023-03-29T18:35:18","slug":"godecja-wielkokwiatowa-biala","status":"publish","type":"product","link":"https:\/\/torseed.eu\/ru\/produkt\/godecja-wielkokwiatowa-biala\/","title":{"rendered":"Godecja wielkokwiatowa bia\u0142a"},"content":{"rendered":"<p>Ro\u015blina jednoroczna o bia\u0142ych kwiatach z aksamitnym po\u0142yskiem. Udaje si\u0119 na glebie niezbyt suchej. Zastosowanie: na rabaty, na kwiat ci\u0119ty.<\/p>","protected":false},"excerpt":{"rendered":"<p>Ro\u015blina jednoroczna o bia\u0142ych kwiatach z aksamitnym po\u0142yskiem. Udaje si\u0119 na glebie niezbyt suchej. Zastosowanie: na rabaty, na kwiat ci\u0119ty.<\/p>\n","protected":false},"featured_media":18614,"comment_status":"open","ping_status":"open","template":"","meta":{"inline_featured_image":false},"product_cat":[90,94],"product_tag":[],"acf":[],"featured_image":"https:\/\/torseed.eu\/app\/uploads\/2023\/03\/851.jpg","_links":{"self":[{"href":"https:\/\/torseed.eu\/ru\/wp-json\/wp\/v2\/product\/30800"}],"collection":[{"href":"https:\/\/torseed.eu\/ru\/wp-json\/wp\/v2\/product"}],"about":[{"href":"https:\/\/torseed.eu\/ru\/wp-json\/wp\/v2\/types\/product"}],"replies":[{"embeddable":true,"href":"https:\/\/torseed.eu\/ru\/wp-json\/wp\/v2\/comments?post=30800"}],"version-history":[{"count":0,"href":"https:\/\/torseed.eu\/ru\/wp-json\/wp\/v2\/product\/30800\/revisions"}],"wp:featuredmedia":[{"embeddable":true,"href":"https:\/\/torseed.eu\/ru\/wp-json\/wp\/v2\/media\/18614"}],"wp:attachment":[{"href":"https:\/\/torseed.eu\/ru\/wp-json\/wp\/v2\/media?parent=30800"}],"wp:term":[{"taxonomy":"product_cat","embeddable":true,"href":"https:\/\/torseed.eu\/ru\/wp-json\/wp\/v2\/product_cat?post=30800"},{"taxonomy":"product_tag","embeddable":true,"href":"https:\/\/torseed.eu\/ru\/wp-json\/wp\/v2\/product_tag?post=30800"}],"curies":[{"name":"wp","href":"https:\/\/api.w.org\/{rel}","templated":true}]}}