{"id":30801,"date":"2022-06-15T06:28:51","date_gmt":"2022-06-15T06:28:51","guid":{"rendered":"https:\/\/refactor-second-attempt.torseed.dev.greenparrot.pl\/produkt\/gazania-mieszanka-nasiona-otarte\/"},"modified":"2023-03-29T18:35:19","modified_gmt":"2023-03-29T18:35:19","slug":"gazania-mieszanka-nasiona-otarte","status":"publish","type":"product","link":"https:\/\/torseed.eu\/ru\/produkt\/gazania-mieszanka-nasiona-otarte\/","title":{"rendered":"Gazania mieszanka &#8211; nasiona otarte"},"content":{"rendered":"<p>Ro\u015blina jednoroczna o kwiatach dwu lub tr\u00f3jbarwnych w kolorach \u017c\u00f3\u0142tych, pomara\u0144czowych lub karminowych. Wymaga gleby \u017cyznej, suchej, przepuszczalnej. Zastosowanie: na kwiat ci\u0119ty, na rabaty, do ogr\u00f3dk\u00f3w skalnych.<\/p>","protected":false},"excerpt":{"rendered":"<p>Ro\u015blina jednoroczna o kwiatach dwu lub tr\u00f3jbarwnych w kolorach \u017c\u00f3\u0142tych, pomara\u0144czowych lub karminowych. Wymaga gleby \u017cyznej, suchej, przepuszczalnej. Zastosowanie: na kwiat ci\u0119ty, na rabaty, do ogr\u00f3dk\u00f3w skalnych.<\/p>\n","protected":false},"featured_media":18608,"comment_status":"open","ping_status":"open","template":"","meta":{"inline_featured_image":false},"product_cat":[90,94],"product_tag":[],"acf":[],"featured_image":"https:\/\/torseed.eu\/app\/uploads\/2023\/03\/7283.jpg","_links":{"self":[{"href":"https:\/\/torseed.eu\/ru\/wp-json\/wp\/v2\/product\/30801"}],"collection":[{"href":"https:\/\/torseed.eu\/ru\/wp-json\/wp\/v2\/product"}],"about":[{"href":"https:\/\/torseed.eu\/ru\/wp-json\/wp\/v2\/types\/product"}],"replies":[{"embeddable":true,"href":"https:\/\/torseed.eu\/ru\/wp-json\/wp\/v2\/comments?post=30801"}],"version-history":[{"count":0,"href":"https:\/\/torseed.eu\/ru\/wp-json\/wp\/v2\/product\/30801\/revisions"}],"wp:featuredmedia":[{"embeddable":true,"href":"https:\/\/torseed.eu\/ru\/wp-json\/wp\/v2\/media\/18608"}],"wp:attachment":[{"href":"https:\/\/torseed.eu\/ru\/wp-json\/wp\/v2\/media?parent=30801"}],"wp:term":[{"taxonomy":"product_cat","embeddable":true,"href":"https:\/\/torseed.eu\/ru\/wp-json\/wp\/v2\/product_cat?post=30801"},{"taxonomy":"product_tag","embeddable":true,"href":"https:\/\/torseed.eu\/ru\/wp-json\/wp\/v2\/product_tag?post=30801"}],"curies":[{"name":"wp","href":"https:\/\/api.w.org\/{rel}","templated":true}]}}