{"id":30807,"date":"2022-06-15T06:28:40","date_gmt":"2022-06-15T06:28:40","guid":{"rendered":"https:\/\/refactor-second-attempt.torseed.dev.greenparrot.pl\/produkt\/dziwaczek-mieszanka\/"},"modified":"2023-03-29T18:35:37","modified_gmt":"2023-03-29T18:35:37","slug":"dziwaczek-mieszanka","status":"publish","type":"product","link":"https:\/\/torseed.eu\/ru\/produkt\/dziwaczek-mieszanka\/","title":{"rendered":"Dziwaczek mieszanka"},"content":{"rendered":"<p>Ro\u015blina jednoroczna o r\u00f3\u017cnobarwnych pachn\u0105cych kwiatach. Wymaga gleby umiarkowanie \u017cyznej. Podczas wzrostu obficie podlewa\u0107. Zastosowanie: na rabaty.<\/p>","protected":false},"excerpt":{"rendered":"<p>Ro\u015blina jednoroczna o r\u00f3\u017cnobarwnych pachn\u0105cych kwiatach. Wymaga gleby umiarkowanie \u017cyznej. Podczas wzrostu obficie podlewa\u0107. Zastosowanie: na rabaty.<\/p>\n","protected":false},"featured_media":18587,"comment_status":"open","ping_status":"open","template":"","meta":{"inline_featured_image":false},"product_cat":[90,94],"product_tag":[],"acf":[],"featured_image":"https:\/\/torseed.eu\/app\/uploads\/2023\/03\/834.jpg","_links":{"self":[{"href":"https:\/\/torseed.eu\/ru\/wp-json\/wp\/v2\/product\/30807"}],"collection":[{"href":"https:\/\/torseed.eu\/ru\/wp-json\/wp\/v2\/product"}],"about":[{"href":"https:\/\/torseed.eu\/ru\/wp-json\/wp\/v2\/types\/product"}],"replies":[{"embeddable":true,"href":"https:\/\/torseed.eu\/ru\/wp-json\/wp\/v2\/comments?post=30807"}],"version-history":[{"count":0,"href":"https:\/\/torseed.eu\/ru\/wp-json\/wp\/v2\/product\/30807\/revisions"}],"wp:featuredmedia":[{"embeddable":true,"href":"https:\/\/torseed.eu\/ru\/wp-json\/wp\/v2\/media\/18587"}],"wp:attachment":[{"href":"https:\/\/torseed.eu\/ru\/wp-json\/wp\/v2\/media?parent=30807"}],"wp:term":[{"taxonomy":"product_cat","embeddable":true,"href":"https:\/\/torseed.eu\/ru\/wp-json\/wp\/v2\/product_cat?post=30807"},{"taxonomy":"product_tag","embeddable":true,"href":"https:\/\/torseed.eu\/ru\/wp-json\/wp\/v2\/product_tag?post=30807"}],"curies":[{"name":"wp","href":"https:\/\/api.w.org\/{rel}","templated":true}]}}