{"id":30808,"date":"2022-06-15T06:28:40","date_gmt":"2022-06-15T06:28:40","guid":{"rendered":"https:\/\/refactor-second-attempt.torseed.dev.greenparrot.pl\/produkt\/dzwony-irlandzkie-zielone\/"},"modified":"2023-03-29T18:35:37","modified_gmt":"2023-03-29T18:35:37","slug":"dzwony-irlandzkie-zielone","status":"publish","type":"product","link":"https:\/\/torseed.eu\/ru\/produkt\/dzwony-irlandzkie-zielone\/","title":{"rendered":"Dzwony irlandzkie zielone"},"content":{"rendered":"<p>Ro\u015blina jednoroczna o dekoracyjnych kielichach. Wymaga gleby \u017cyznej i wilgotnej. Zastosowanie: na kwiat ci\u0119ty i do zasuszania.<\/p>","protected":false},"excerpt":{"rendered":"<p>Ro\u015blina jednoroczna o dekoracyjnych kielichach. Wymaga gleby \u017cyznej i wilgotnej. Zastosowanie: na kwiat ci\u0119ty i do zasuszania.<\/p>\n","protected":false},"featured_media":18590,"comment_status":"open","ping_status":"open","template":"","meta":{"inline_featured_image":false},"product_cat":[90,94],"product_tag":[],"acf":[],"featured_image":"https:\/\/torseed.eu\/app\/uploads\/2023\/03\/836.jpg","_links":{"self":[{"href":"https:\/\/torseed.eu\/ru\/wp-json\/wp\/v2\/product\/30808"}],"collection":[{"href":"https:\/\/torseed.eu\/ru\/wp-json\/wp\/v2\/product"}],"about":[{"href":"https:\/\/torseed.eu\/ru\/wp-json\/wp\/v2\/types\/product"}],"replies":[{"embeddable":true,"href":"https:\/\/torseed.eu\/ru\/wp-json\/wp\/v2\/comments?post=30808"}],"version-history":[{"count":0,"href":"https:\/\/torseed.eu\/ru\/wp-json\/wp\/v2\/product\/30808\/revisions"}],"wp:featuredmedia":[{"embeddable":true,"href":"https:\/\/torseed.eu\/ru\/wp-json\/wp\/v2\/media\/18590"}],"wp:attachment":[{"href":"https:\/\/torseed.eu\/ru\/wp-json\/wp\/v2\/media?parent=30808"}],"wp:term":[{"taxonomy":"product_cat","embeddable":true,"href":"https:\/\/torseed.eu\/ru\/wp-json\/wp\/v2\/product_cat?post=30808"},{"taxonomy":"product_tag","embeddable":true,"href":"https:\/\/torseed.eu\/ru\/wp-json\/wp\/v2\/product_tag?post=30808"}],"curies":[{"name":"wp","href":"https:\/\/api.w.org\/{rel}","templated":true}]}}