{"id":30816,"date":"2022-06-15T06:28:33","date_gmt":"2022-06-15T06:28:33","guid":{"rendered":"https:\/\/refactor-second-attempt.torseed.dev.greenparrot.pl\/produkt\/dalia-pojedyncza-mieszanka\/"},"modified":"2023-03-29T18:35:44","modified_gmt":"2023-03-29T18:35:44","slug":"dalia-pojedyncza-mieszanka","status":"publish","type":"product","link":"https:\/\/torseed.eu\/ru\/produkt\/dalia-pojedyncza-mieszanka\/","title":{"rendered":"Dalia pojedyncza mieszanka"},"content":{"rendered":"<p>Ro\u015blina jednoroczna o pojedynczych i r\u00f3\u017cnokolorowych kwiatach. Kwitnie obficie i r\u00f3wnomiernie. Wymaga gleby \u017cyznej i pr\u00f3chnicznej. Zastosowanie na kwiat ci\u0119ty, na rabaty.<\/p>","protected":false},"excerpt":{"rendered":"<p>Ro\u015blina jednoroczna o pojedynczych i r\u00f3\u017cnokolorowych kwiatach. Kwitnie obficie i r\u00f3wnomiernie. Wymaga gleby \u017cyznej i pr\u00f3chnicznej. Zastosowanie na kwiat ci\u0119ty, na rabaty.<\/p>\n","protected":false},"featured_media":18563,"comment_status":"open","ping_status":"open","template":"","meta":{"inline_featured_image":false},"product_cat":[90,94],"product_tag":[],"acf":[],"featured_image":"https:\/\/torseed.eu\/app\/uploads\/2023\/03\/816.jpg","_links":{"self":[{"href":"https:\/\/torseed.eu\/ru\/wp-json\/wp\/v2\/product\/30816"}],"collection":[{"href":"https:\/\/torseed.eu\/ru\/wp-json\/wp\/v2\/product"}],"about":[{"href":"https:\/\/torseed.eu\/ru\/wp-json\/wp\/v2\/types\/product"}],"replies":[{"embeddable":true,"href":"https:\/\/torseed.eu\/ru\/wp-json\/wp\/v2\/comments?post=30816"}],"version-history":[{"count":0,"href":"https:\/\/torseed.eu\/ru\/wp-json\/wp\/v2\/product\/30816\/revisions"}],"wp:featuredmedia":[{"embeddable":true,"href":"https:\/\/torseed.eu\/ru\/wp-json\/wp\/v2\/media\/18563"}],"wp:attachment":[{"href":"https:\/\/torseed.eu\/ru\/wp-json\/wp\/v2\/media?parent=30816"}],"wp:term":[{"taxonomy":"product_cat","embeddable":true,"href":"https:\/\/torseed.eu\/ru\/wp-json\/wp\/v2\/product_cat?post=30816"},{"taxonomy":"product_tag","embeddable":true,"href":"https:\/\/torseed.eu\/ru\/wp-json\/wp\/v2\/product_tag?post=30816"}],"curies":[{"name":"wp","href":"https:\/\/api.w.org\/{rel}","templated":true}]}}