{"id":30833,"date":"2022-06-15T06:28:09","date_gmt":"2022-06-15T06:28:09","guid":{"rendered":"https:\/\/refactor-second-attempt.torseed.dev.greenparrot.pl\/produkt\/celozja-grzebieniasta-mieszanka\/"},"modified":"2023-03-29T18:36:10","modified_gmt":"2023-03-29T18:36:10","slug":"celozja-grzebieniasta-mieszanka","status":"publish","type":"product","link":"https:\/\/torseed.eu\/ru\/produkt\/celozja-grzebieniasta-mieszanka\/","title":{"rendered":"Celozja grzebieniasta, mieszanka"},"content":{"rendered":"<p>Ro\u015blina jednoroczna o kwiatach r\u00f3\u017cnobarwnych w kszta\u0142cie koguciego grzebienia. Wymaga gleby \u017cyznej, dobrze nawadnianej. Zastosowanie: na rabaty, obw\u00f3dki, na kwiat ci\u0119ty, do doniczek<\/p>","protected":false},"excerpt":{"rendered":"<p>Ro\u015blina jednoroczna o kwiatach r\u00f3\u017cnobarwnych w kszta\u0142cie koguciego grzebienia. Wymaga gleby \u017cyznej, dobrze nawadnianej. Zastosowanie: na rabaty, obw\u00f3dki, na kwiat ci\u0119ty, do doniczek<\/p>\n","protected":false},"featured_media":28220,"comment_status":"open","ping_status":"closed","template":"","meta":{"inline_featured_image":false},"product_cat":[90,94],"product_tag":[],"acf":[],"featured_image":"https:\/\/torseed.eu\/app\/uploads\/2023\/03\/788.jpg","_links":{"self":[{"href":"https:\/\/torseed.eu\/ru\/wp-json\/wp\/v2\/product\/30833"}],"collection":[{"href":"https:\/\/torseed.eu\/ru\/wp-json\/wp\/v2\/product"}],"about":[{"href":"https:\/\/torseed.eu\/ru\/wp-json\/wp\/v2\/types\/product"}],"replies":[{"embeddable":true,"href":"https:\/\/torseed.eu\/ru\/wp-json\/wp\/v2\/comments?post=30833"}],"version-history":[{"count":0,"href":"https:\/\/torseed.eu\/ru\/wp-json\/wp\/v2\/product\/30833\/revisions"}],"wp:featuredmedia":[{"embeddable":true,"href":"https:\/\/torseed.eu\/ru\/wp-json\/wp\/v2\/media\/28220"}],"wp:attachment":[{"href":"https:\/\/torseed.eu\/ru\/wp-json\/wp\/v2\/media?parent=30833"}],"wp:term":[{"taxonomy":"product_cat","embeddable":true,"href":"https:\/\/torseed.eu\/ru\/wp-json\/wp\/v2\/product_cat?post=30833"},{"taxonomy":"product_tag","embeddable":true,"href":"https:\/\/torseed.eu\/ru\/wp-json\/wp\/v2\/product_tag?post=30833"}],"curies":[{"name":"wp","href":"https:\/\/api.w.org\/{rel}","templated":true}]}}