{"id":30836,"date":"2022-06-15T06:28:07","date_gmt":"2022-06-15T06:28:07","guid":{"rendered":"https:\/\/refactor-second-attempt.torseed.dev.greenparrot.pl\/produkt\/bielun-bialy\/"},"modified":"2023-03-29T18:36:13","modified_gmt":"2023-03-29T18:36:13","slug":"bielun-bialy","status":"publish","type":"product","link":"https:\/\/torseed.eu\/ru\/produkt\/bielun-bialy\/","title":{"rendered":"Bielu\u0144 bia\u0142y"},"content":{"rendered":"<p>Ro\u015blina jednoroczna o tr\u0105bkowatych kwiatach. Nasiona moczy\u0107 24 godziny przed wysiewem. Wschodz\u0105 po 30-40 dniach. Zastosowanie: do uprawy w doniczkach, na rabaty, balkony.<\/p>","protected":false},"excerpt":{"rendered":"<p>Ro\u015blina jednoroczna o tr\u0105bkowatych kwiatach. Nasiona moczy\u0107 24 godziny przed wysiewem. Wschodz\u0105 po 30-40 dniach. Zastosowanie: do uprawy w doniczkach, na rabaty, balkony.<\/p>\n","protected":false},"featured_media":18503,"comment_status":"open","ping_status":"open","template":"","meta":{"inline_featured_image":false},"product_cat":[90,94],"product_tag":[],"acf":[],"featured_image":"https:\/\/torseed.eu\/app\/uploads\/2023\/03\/786.jpg","_links":{"self":[{"href":"https:\/\/torseed.eu\/ru\/wp-json\/wp\/v2\/product\/30836"}],"collection":[{"href":"https:\/\/torseed.eu\/ru\/wp-json\/wp\/v2\/product"}],"about":[{"href":"https:\/\/torseed.eu\/ru\/wp-json\/wp\/v2\/types\/product"}],"replies":[{"embeddable":true,"href":"https:\/\/torseed.eu\/ru\/wp-json\/wp\/v2\/comments?post=30836"}],"version-history":[{"count":0,"href":"https:\/\/torseed.eu\/ru\/wp-json\/wp\/v2\/product\/30836\/revisions"}],"wp:featuredmedia":[{"embeddable":true,"href":"https:\/\/torseed.eu\/ru\/wp-json\/wp\/v2\/media\/18503"}],"wp:attachment":[{"href":"https:\/\/torseed.eu\/ru\/wp-json\/wp\/v2\/media?parent=30836"}],"wp:term":[{"taxonomy":"product_cat","embeddable":true,"href":"https:\/\/torseed.eu\/ru\/wp-json\/wp\/v2\/product_cat?post=30836"},{"taxonomy":"product_tag","embeddable":true,"href":"https:\/\/torseed.eu\/ru\/wp-json\/wp\/v2\/product_tag?post=30836"}],"curies":[{"name":"wp","href":"https:\/\/api.w.org\/{rel}","templated":true}]}}