{"id":30872,"date":"2022-06-15T06:27:18","date_gmt":"2022-06-15T06:27:18","guid":{"rendered":"https:\/\/refactor-second-attempt.torseed.dev.greenparrot.pl\/produkt\/aster-wysoki-chryzantemowy-jasnoniebieski\/"},"modified":"2023-03-29T18:37:09","modified_gmt":"2023-03-29T18:37:09","slug":"aster-wysoki-chryzantemowy-jasnoniebieski","status":"publish","type":"product","link":"https:\/\/torseed.eu\/ru\/produkt\/aster-wysoki-chryzantemowy-jasnoniebieski\/","title":{"rendered":"Aster wysoki chryzantemowy jasnoniebieski"},"content":{"rendered":"<p>Ro\u015blina jednoroczna o du\u017cych, pe\u0142nych kwiatach, budowy chryzantemowej. Wymaga gleby \u017cyznej, \u015brednio wilgotnej. Zstosowanie: na kwiat ci\u0119ty, na rabaty.<\/p>","protected":false},"excerpt":{"rendered":"<p>Ro\u015blina jednoroczna o du\u017cych, pe\u0142nych kwiatach, budowy chryzantemowej. Wymaga gleby \u017cyznej, \u015brednio wilgotnej. Zstosowanie: na kwiat ci\u0119ty, na rabaty.<\/p>\n","protected":false},"featured_media":18395,"comment_status":"open","ping_status":"open","template":"","meta":{"inline_featured_image":false},"product_cat":[90,94],"product_tag":[],"acf":[],"featured_image":"https:\/\/torseed.eu\/app\/uploads\/2023\/03\/767.jpg","_links":{"self":[{"href":"https:\/\/torseed.eu\/ru\/wp-json\/wp\/v2\/product\/30872"}],"collection":[{"href":"https:\/\/torseed.eu\/ru\/wp-json\/wp\/v2\/product"}],"about":[{"href":"https:\/\/torseed.eu\/ru\/wp-json\/wp\/v2\/types\/product"}],"replies":[{"embeddable":true,"href":"https:\/\/torseed.eu\/ru\/wp-json\/wp\/v2\/comments?post=30872"}],"version-history":[{"count":0,"href":"https:\/\/torseed.eu\/ru\/wp-json\/wp\/v2\/product\/30872\/revisions"}],"wp:featuredmedia":[{"embeddable":true,"href":"https:\/\/torseed.eu\/ru\/wp-json\/wp\/v2\/media\/18395"}],"wp:attachment":[{"href":"https:\/\/torseed.eu\/ru\/wp-json\/wp\/v2\/media?parent=30872"}],"wp:term":[{"taxonomy":"product_cat","embeddable":true,"href":"https:\/\/torseed.eu\/ru\/wp-json\/wp\/v2\/product_cat?post=30872"},{"taxonomy":"product_tag","embeddable":true,"href":"https:\/\/torseed.eu\/ru\/wp-json\/wp\/v2\/product_tag?post=30872"}],"curies":[{"name":"wp","href":"https:\/\/api.w.org\/{rel}","templated":true}]}}