{"id":30876,"date":"2022-06-15T06:27:15","date_gmt":"2022-06-15T06:27:15","guid":{"rendered":"https:\/\/refactor-second-attempt.torseed.dev.greenparrot.pl\/produkt\/aster-wysoki-bukietowy-mieszanka\/"},"modified":"2023-03-29T18:37:12","modified_gmt":"2023-03-29T18:37:12","slug":"aster-wysoki-bukietowy-mieszanka","status":"publish","type":"product","link":"https:\/\/torseed.eu\/ru\/produkt\/aster-wysoki-bukietowy-mieszanka\/","title":{"rendered":"Aster wysoki bukietowy mieszanka"},"content":{"rendered":"<p>Ro\u015blina jednoroczna o r\u00f3\u017cnokolorowych, p\u00f3\u0142pe\u0142nych, du\u017cych kwiatach. Wymaga gleby \u017cyznej, \u015brednio wilgotnej. Zastosowanie: na kwiat ci\u0119ty, na rabaty. Ro\u015bliny posiadaj\u0105 kilkana\u015bcie kwiatostan\u00f3w.<\/p>","protected":false},"excerpt":{"rendered":"<p>Ro\u015blina jednoroczna o r\u00f3\u017cnokolorowych, p\u00f3\u0142pe\u0142nych, du\u017cych kwiatach. Wymaga gleby \u017cyznej, \u015brednio wilgotnej. Zastosowanie: na kwiat ci\u0119ty, na rabaty. Ro\u015bliny posiadaj\u0105 kilkana\u015bcie kwiatostan\u00f3w.<\/p>\n","protected":false},"featured_media":18386,"comment_status":"open","ping_status":"open","template":"","meta":{"inline_featured_image":false},"product_cat":[90,94],"product_tag":[],"acf":[],"featured_image":"https:\/\/torseed.eu\/app\/uploads\/2023\/03\/781.jpg","_links":{"self":[{"href":"https:\/\/torseed.eu\/ru\/wp-json\/wp\/v2\/product\/30876"}],"collection":[{"href":"https:\/\/torseed.eu\/ru\/wp-json\/wp\/v2\/product"}],"about":[{"href":"https:\/\/torseed.eu\/ru\/wp-json\/wp\/v2\/types\/product"}],"replies":[{"embeddable":true,"href":"https:\/\/torseed.eu\/ru\/wp-json\/wp\/v2\/comments?post=30876"}],"version-history":[{"count":0,"href":"https:\/\/torseed.eu\/ru\/wp-json\/wp\/v2\/product\/30876\/revisions"}],"wp:featuredmedia":[{"embeddable":true,"href":"https:\/\/torseed.eu\/ru\/wp-json\/wp\/v2\/media\/18386"}],"wp:attachment":[{"href":"https:\/\/torseed.eu\/ru\/wp-json\/wp\/v2\/media?parent=30876"}],"wp:term":[{"taxonomy":"product_cat","embeddable":true,"href":"https:\/\/torseed.eu\/ru\/wp-json\/wp\/v2\/product_cat?post=30876"},{"taxonomy":"product_tag","embeddable":true,"href":"https:\/\/torseed.eu\/ru\/wp-json\/wp\/v2\/product_tag?post=30876"}],"curies":[{"name":"wp","href":"https:\/\/api.w.org\/{rel}","templated":true}]}}