{"id":30879,"date":"2022-06-15T06:27:07","date_gmt":"2022-06-15T06:27:07","guid":{"rendered":"https:\/\/refactor-second-attempt.torseed.dev.greenparrot.pl\/produkt\/aster-karlowy-contraster-mieszanka\/"},"modified":"2023-03-29T18:37:15","modified_gmt":"2023-03-29T18:37:15","slug":"aster-karlowy-contraster-mieszanka","status":"publish","type":"product","link":"https:\/\/torseed.eu\/ru\/produkt\/aster-karlowy-contraster-mieszanka\/","title":{"rendered":"Aster kar\u0142owy contraster mieszanka"},"content":{"rendered":"<p>Ro\u015bliana jednoroczna wys.20-25 cm o oryginalnych peoniowych kwiatostanach. Doskonale prezentuj\u0105 si\u0119 na rabatach, obw\u00f3dkach i w pojemnikach.<\/p>","protected":false},"excerpt":{"rendered":"<p>Ro\u015bliana jednoroczna wys.20-25 cm o oryginalnych peoniowych kwiatostanach. Doskonale prezentuj\u0105 si\u0119 na rabatach, obw\u00f3dkach i w pojemnikach.<\/p>\n","protected":false},"featured_media":18377,"comment_status":"open","ping_status":"open","template":"","meta":{"inline_featured_image":false},"product_cat":[90,94],"product_tag":[],"acf":[],"featured_image":"https:\/\/torseed.eu\/app\/uploads\/2023\/03\/7325.jpg","_links":{"self":[{"href":"https:\/\/torseed.eu\/ru\/wp-json\/wp\/v2\/product\/30879"}],"collection":[{"href":"https:\/\/torseed.eu\/ru\/wp-json\/wp\/v2\/product"}],"about":[{"href":"https:\/\/torseed.eu\/ru\/wp-json\/wp\/v2\/types\/product"}],"replies":[{"embeddable":true,"href":"https:\/\/torseed.eu\/ru\/wp-json\/wp\/v2\/comments?post=30879"}],"version-history":[{"count":0,"href":"https:\/\/torseed.eu\/ru\/wp-json\/wp\/v2\/product\/30879\/revisions"}],"wp:featuredmedia":[{"embeddable":true,"href":"https:\/\/torseed.eu\/ru\/wp-json\/wp\/v2\/media\/18377"}],"wp:attachment":[{"href":"https:\/\/torseed.eu\/ru\/wp-json\/wp\/v2\/media?parent=30879"}],"wp:term":[{"taxonomy":"product_cat","embeddable":true,"href":"https:\/\/torseed.eu\/ru\/wp-json\/wp\/v2\/product_cat?post=30879"},{"taxonomy":"product_tag","embeddable":true,"href":"https:\/\/torseed.eu\/ru\/wp-json\/wp\/v2\/product_tag?post=30879"}],"curies":[{"name":"wp","href":"https:\/\/api.w.org\/{rel}","templated":true}]}}