{"id":30882,"date":"2022-06-15T06:27:04","date_gmt":"2022-06-15T06:27:04","guid":{"rendered":"https:\/\/refactor-second-attempt.torseed.dev.greenparrot.pl\/produkt\/aster-karlowy-karminowy\/"},"modified":"2023-03-29T18:37:31","modified_gmt":"2023-03-29T18:37:31","slug":"aster-karlowy-karminowy","status":"publish","type":"product","link":"https:\/\/torseed.eu\/ru\/produkt\/aster-karlowy-karminowy\/","title":{"rendered":"Aster kar\u0142owy karminowy"},"content":{"rendered":"<p>Ro\u015blina jednoroczna o czerwonych kwiatach. Wymaga gleby \u017cyznej, \u015brednio wilgotn\u0105. Zastosowanie: na kwiat ci\u0119ty, na rabaty. obw\u00f3dki.<\/p>","protected":false},"excerpt":{"rendered":"<p>Ro\u015blina jednoroczna o czerwonych kwiatach. Wymaga gleby \u017cyznej, \u015brednio wilgotn\u0105. Zastosowanie: na kwiat ci\u0119ty, na rabaty. obw\u00f3dki.<\/p>\n","protected":false},"featured_media":18362,"comment_status":"open","ping_status":"open","template":"","meta":{"inline_featured_image":false},"product_cat":[94,90],"product_tag":[],"acf":[],"featured_image":"https:\/\/torseed.eu\/app\/uploads\/2023\/03\/9083.jpg","_links":{"self":[{"href":"https:\/\/torseed.eu\/ru\/wp-json\/wp\/v2\/product\/30882"}],"collection":[{"href":"https:\/\/torseed.eu\/ru\/wp-json\/wp\/v2\/product"}],"about":[{"href":"https:\/\/torseed.eu\/ru\/wp-json\/wp\/v2\/types\/product"}],"replies":[{"embeddable":true,"href":"https:\/\/torseed.eu\/ru\/wp-json\/wp\/v2\/comments?post=30882"}],"version-history":[{"count":0,"href":"https:\/\/torseed.eu\/ru\/wp-json\/wp\/v2\/product\/30882\/revisions"}],"wp:featuredmedia":[{"embeddable":true,"href":"https:\/\/torseed.eu\/ru\/wp-json\/wp\/v2\/media\/18362"}],"wp:attachment":[{"href":"https:\/\/torseed.eu\/ru\/wp-json\/wp\/v2\/media?parent=30882"}],"wp:term":[{"taxonomy":"product_cat","embeddable":true,"href":"https:\/\/torseed.eu\/ru\/wp-json\/wp\/v2\/product_cat?post=30882"},{"taxonomy":"product_tag","embeddable":true,"href":"https:\/\/torseed.eu\/ru\/wp-json\/wp\/v2\/product_tag?post=30882"}],"curies":[{"name":"wp","href":"https:\/\/api.w.org\/{rel}","templated":true}]}}