{"id":30884,"date":"2022-06-15T06:27:03","date_gmt":"2022-06-15T06:27:03","guid":{"rendered":"https:\/\/refactor-second-attempt.torseed.dev.greenparrot.pl\/produkt\/aster-karlowy-ciemnoniebieski\/"},"modified":"2023-03-29T18:37:32","modified_gmt":"2023-03-29T18:37:32","slug":"aster-karlowy-ciemnoniebieski","status":"publish","type":"product","link":"https:\/\/torseed.eu\/ru\/produkt\/aster-karlowy-ciemnoniebieski\/","title":{"rendered":"Aster kar\u0142owy ciemnoniebieski"},"content":{"rendered":"<p>Ro\u015blina jednoroczna. Wymaga gleby \u017cyznej, \u015brednio wilgotnej. Zastosowanie: na kwiat ci\u0119ty, na rabaty. obw\u00f3dki.<\/p>","protected":false},"excerpt":{"rendered":"<p>Ro\u015blina jednoroczna. Wymaga gleby \u017cyznej, \u015brednio wilgotnej. Zastosowanie: na kwiat ci\u0119ty, na rabaty. obw\u00f3dki.<\/p>\n","protected":false},"featured_media":18359,"comment_status":"open","ping_status":"open","template":"","meta":{"inline_featured_image":false},"product_cat":[90,94],"product_tag":[],"acf":[],"featured_image":"https:\/\/torseed.eu\/app\/uploads\/2023\/03\/726.jpg","_links":{"self":[{"href":"https:\/\/torseed.eu\/ru\/wp-json\/wp\/v2\/product\/30884"}],"collection":[{"href":"https:\/\/torseed.eu\/ru\/wp-json\/wp\/v2\/product"}],"about":[{"href":"https:\/\/torseed.eu\/ru\/wp-json\/wp\/v2\/types\/product"}],"replies":[{"embeddable":true,"href":"https:\/\/torseed.eu\/ru\/wp-json\/wp\/v2\/comments?post=30884"}],"version-history":[{"count":0,"href":"https:\/\/torseed.eu\/ru\/wp-json\/wp\/v2\/product\/30884\/revisions"}],"wp:featuredmedia":[{"embeddable":true,"href":"https:\/\/torseed.eu\/ru\/wp-json\/wp\/v2\/media\/18359"}],"wp:attachment":[{"href":"https:\/\/torseed.eu\/ru\/wp-json\/wp\/v2\/media?parent=30884"}],"wp:term":[{"taxonomy":"product_cat","embeddable":true,"href":"https:\/\/torseed.eu\/ru\/wp-json\/wp\/v2\/product_cat?post=30884"},{"taxonomy":"product_tag","embeddable":true,"href":"https:\/\/torseed.eu\/ru\/wp-json\/wp\/v2\/product_tag?post=30884"}],"curies":[{"name":"wp","href":"https:\/\/api.w.org\/{rel}","templated":true}]}}