{"id":30886,"date":"2022-06-15T06:27:01","date_gmt":"2022-06-15T06:27:01","guid":{"rendered":"https:\/\/refactor-second-attempt.torseed.dev.greenparrot.pl\/produkt\/asarina-pnacze-mix\/"},"modified":"2023-03-29T18:37:34","modified_gmt":"2023-03-29T18:37:34","slug":"asarina-pnacze-mix","status":"publish","type":"product","link":"https:\/\/torseed.eu\/ru\/produkt\/asarina-pnacze-mix\/","title":{"rendered":"Asarina pn\u0105cze &#8211; mix"},"content":{"rendered":"<p>Ro\u015blina jednoroczna pn\u0105ca o dzwonkowatych kwiatach barwy r\u00f3\u017cowej i fioletowej. Zastosowanie: na balkony, do okrywania altan, \u015bcian, taras\u00f3w.<\/p>","protected":false},"excerpt":{"rendered":"<p>Ro\u015blina jednoroczna pn\u0105ca o dzwonkowatych kwiatach barwy r\u00f3\u017cowej i fioletowej. Zastosowanie: na balkony, do okrywania altan, \u015bcian, taras\u00f3w.<\/p>\n","protected":false},"featured_media":18353,"comment_status":"open","ping_status":"open","template":"","meta":{"inline_featured_image":false},"product_cat":[90,94],"product_tag":[],"acf":[],"featured_image":"https:\/\/torseed.eu\/app\/uploads\/2023\/03\/9082.jpg","_links":{"self":[{"href":"https:\/\/torseed.eu\/ru\/wp-json\/wp\/v2\/product\/30886"}],"collection":[{"href":"https:\/\/torseed.eu\/ru\/wp-json\/wp\/v2\/product"}],"about":[{"href":"https:\/\/torseed.eu\/ru\/wp-json\/wp\/v2\/types\/product"}],"replies":[{"embeddable":true,"href":"https:\/\/torseed.eu\/ru\/wp-json\/wp\/v2\/comments?post=30886"}],"version-history":[{"count":0,"href":"https:\/\/torseed.eu\/ru\/wp-json\/wp\/v2\/product\/30886\/revisions"}],"wp:featuredmedia":[{"embeddable":true,"href":"https:\/\/torseed.eu\/ru\/wp-json\/wp\/v2\/media\/18353"}],"wp:attachment":[{"href":"https:\/\/torseed.eu\/ru\/wp-json\/wp\/v2\/media?parent=30886"}],"wp:term":[{"taxonomy":"product_cat","embeddable":true,"href":"https:\/\/torseed.eu\/ru\/wp-json\/wp\/v2\/product_cat?post=30886"},{"taxonomy":"product_tag","embeddable":true,"href":"https:\/\/torseed.eu\/ru\/wp-json\/wp\/v2\/product_tag?post=30886"}],"curies":[{"name":"wp","href":"https:\/\/api.w.org\/{rel}","templated":true}]}}