{"id":30888,"date":"2022-06-15T06:26:54","date_gmt":"2022-06-15T06:26:54","guid":{"rendered":"https:\/\/refactor-second-attempt.torseed.dev.greenparrot.pl\/produkt\/aksamitka-waskolistna-pomaranczowa\/"},"modified":"2023-03-29T18:37:35","modified_gmt":"2023-03-29T18:37:35","slug":"aksamitka-waskolistna-pomaranczowa","status":"publish","type":"product","link":"https:\/\/torseed.eu\/ru\/produkt\/aksamitka-waskolistna-pomaranczowa\/","title":{"rendered":"Aksamitka w\u0105skolistna pomara\u0144czowa"},"content":{"rendered":"<p>Ro\u015blina jednoroczna o drobnych pojedynczych kwiatach. Udaje si\u0119 na ka\u017cdej glebie ogrodowej. Zastosowanie: na rabaty, obw\u00f3dki.<\/p>","protected":false},"excerpt":{"rendered":"<p>Ro\u015blina jednoroczna o drobnych pojedynczych kwiatach. Udaje si\u0119 na ka\u017cdej glebie ogrodowej. Zastosowanie: na rabaty, obw\u00f3dki.<\/p>\n","protected":false},"featured_media":18344,"comment_status":"open","ping_status":"open","template":"","meta":{"inline_featured_image":false},"product_cat":[90,94],"product_tag":[],"acf":[],"featured_image":"https:\/\/torseed.eu\/app\/uploads\/2023\/03\/720.jpg","_links":{"self":[{"href":"https:\/\/torseed.eu\/ru\/wp-json\/wp\/v2\/product\/30888"}],"collection":[{"href":"https:\/\/torseed.eu\/ru\/wp-json\/wp\/v2\/product"}],"about":[{"href":"https:\/\/torseed.eu\/ru\/wp-json\/wp\/v2\/types\/product"}],"replies":[{"embeddable":true,"href":"https:\/\/torseed.eu\/ru\/wp-json\/wp\/v2\/comments?post=30888"}],"version-history":[{"count":0,"href":"https:\/\/torseed.eu\/ru\/wp-json\/wp\/v2\/product\/30888\/revisions"}],"wp:featuredmedia":[{"embeddable":true,"href":"https:\/\/torseed.eu\/ru\/wp-json\/wp\/v2\/media\/18344"}],"wp:attachment":[{"href":"https:\/\/torseed.eu\/ru\/wp-json\/wp\/v2\/media?parent=30888"}],"wp:term":[{"taxonomy":"product_cat","embeddable":true,"href":"https:\/\/torseed.eu\/ru\/wp-json\/wp\/v2\/product_cat?post=30888"},{"taxonomy":"product_tag","embeddable":true,"href":"https:\/\/torseed.eu\/ru\/wp-json\/wp\/v2\/product_tag?post=30888"}],"curies":[{"name":"wp","href":"https:\/\/api.w.org\/{rel}","templated":true}]}}