{"id":30894,"date":"2022-06-15T06:26:49","date_gmt":"2022-06-15T06:26:49","guid":{"rendered":"https:\/\/refactor-second-attempt.torseed.dev.greenparrot.pl\/produkt\/aksamitka-rozpierzchla-niska-zolta\/"},"modified":"2023-03-29T18:37:40","modified_gmt":"2023-03-29T18:37:40","slug":"aksamitka-rozpierzchla-niska-zolta","status":"publish","type":"product","link":"https:\/\/torseed.eu\/ru\/produkt\/aksamitka-rozpierzchla-niska-zolta\/","title":{"rendered":"Aksamitka rozpierzch\u0142a niska \u017c\u00f3\u0142ta"},"content":{"rendered":"<p>Ro\u015blina jednoroczna o kwiatach pe\u0142nych lub p\u00f3\u0142pe\u0142nych. Udaje si\u0119 na ka\u017cdej glebie ogrodowej. Zastosowanie: na rabaty, obw\u00f3dki i balkony.<\/p>","protected":false},"excerpt":{"rendered":"<p>Ro\u015blina jednoroczna o kwiatach pe\u0142nych lub p\u00f3\u0142pe\u0142nych. Udaje si\u0119 na ka\u017cdej glebie ogrodowej. Zastosowanie: na rabaty, obw\u00f3dki i balkony.<\/p>\n","protected":false},"featured_media":18326,"comment_status":"open","ping_status":"open","template":"","meta":{"inline_featured_image":false},"product_cat":[90,94],"product_tag":[],"acf":[],"featured_image":"https:\/\/torseed.eu\/app\/uploads\/2023\/03\/714.jpg","_links":{"self":[{"href":"https:\/\/torseed.eu\/ru\/wp-json\/wp\/v2\/product\/30894"}],"collection":[{"href":"https:\/\/torseed.eu\/ru\/wp-json\/wp\/v2\/product"}],"about":[{"href":"https:\/\/torseed.eu\/ru\/wp-json\/wp\/v2\/types\/product"}],"replies":[{"embeddable":true,"href":"https:\/\/torseed.eu\/ru\/wp-json\/wp\/v2\/comments?post=30894"}],"version-history":[{"count":0,"href":"https:\/\/torseed.eu\/ru\/wp-json\/wp\/v2\/product\/30894\/revisions"}],"wp:featuredmedia":[{"embeddable":true,"href":"https:\/\/torseed.eu\/ru\/wp-json\/wp\/v2\/media\/18326"}],"wp:attachment":[{"href":"https:\/\/torseed.eu\/ru\/wp-json\/wp\/v2\/media?parent=30894"}],"wp:term":[{"taxonomy":"product_cat","embeddable":true,"href":"https:\/\/torseed.eu\/ru\/wp-json\/wp\/v2\/product_cat?post=30894"},{"taxonomy":"product_tag","embeddable":true,"href":"https:\/\/torseed.eu\/ru\/wp-json\/wp\/v2\/product_tag?post=30894"}],"curies":[{"name":"wp","href":"https:\/\/api.w.org\/{rel}","templated":true}]}}