{"id":30895,"date":"2022-06-15T06:26:49","date_gmt":"2022-06-15T06:26:49","guid":{"rendered":"https:\/\/refactor-second-attempt.torseed.dev.greenparrot.pl\/produkt\/aksamitka-rozpierzchla-niska-aurora\/"},"modified":"2023-03-29T18:37:41","modified_gmt":"2023-03-29T18:37:41","slug":"aksamitka-rozpierzchla-niska-aurora","status":"publish","type":"product","link":"https:\/\/torseed.eu\/ru\/produkt\/aksamitka-rozpierzchla-niska-aurora\/","title":{"rendered":"Aksamitka rozpierzch\u0142a niska Aurora"},"content":{"rendered":"<p>Odmiana bardzo wyr\u00f3wnana pod wzgl\u0119dem wysoko\u015bci, barwy i pe\u0142no\u015bci kwiat\u00f3w. Ro\u015bliny wysoko\u015bci 15-20 cm o pe\u0142nych kwiatach. Barwa kwiat\u00f3w stopniowo zmienia si\u0119 z ciemnoczerwonej na karmazynowo-pomara\u0144czow\u0105. Pi\u0119knie prezentuje si\u0119 na rabatach i obw\u00f3dkach.<\/p>","protected":false},"excerpt":{"rendered":"<p>Odmiana bardzo wyr\u00f3wnana pod wzgl\u0119dem wysoko\u015bci, barwy i pe\u0142no\u015bci kwiat\u00f3w. Ro\u015bliny wysoko\u015bci 15-20 cm o pe\u0142nych kwiatach. Barwa kwiat\u00f3w stopniowo zmienia si\u0119 z ciemnoczerwonej na karmazynowo-pomara\u0144czow\u0105. Pi\u0119knie prezentuje si\u0119 na rabatach i obw\u00f3dkach.<\/p>\n","protected":false},"featured_media":18329,"comment_status":"open","ping_status":"open","template":"","meta":{"inline_featured_image":false},"product_cat":[94,90],"product_tag":[],"acf":[],"featured_image":"https:\/\/torseed.eu\/app\/uploads\/2023\/03\/9596.jpg","_links":{"self":[{"href":"https:\/\/torseed.eu\/ru\/wp-json\/wp\/v2\/product\/30895"}],"collection":[{"href":"https:\/\/torseed.eu\/ru\/wp-json\/wp\/v2\/product"}],"about":[{"href":"https:\/\/torseed.eu\/ru\/wp-json\/wp\/v2\/types\/product"}],"replies":[{"embeddable":true,"href":"https:\/\/torseed.eu\/ru\/wp-json\/wp\/v2\/comments?post=30895"}],"version-history":[{"count":0,"href":"https:\/\/torseed.eu\/ru\/wp-json\/wp\/v2\/product\/30895\/revisions"}],"wp:featuredmedia":[{"embeddable":true,"href":"https:\/\/torseed.eu\/ru\/wp-json\/wp\/v2\/media\/18329"}],"wp:attachment":[{"href":"https:\/\/torseed.eu\/ru\/wp-json\/wp\/v2\/media?parent=30895"}],"wp:term":[{"taxonomy":"product_cat","embeddable":true,"href":"https:\/\/torseed.eu\/ru\/wp-json\/wp\/v2\/product_cat?post=30895"},{"taxonomy":"product_tag","embeddable":true,"href":"https:\/\/torseed.eu\/ru\/wp-json\/wp\/v2\/product_tag?post=30895"}],"curies":[{"name":"wp","href":"https:\/\/api.w.org\/{rel}","templated":true}]}}