{"id":30897,"date":"2022-06-15T06:26:42","date_gmt":"2022-06-15T06:26:42","guid":{"rendered":"https:\/\/refactor-second-attempt.torseed.dev.greenparrot.pl\/produkt\/aksamitka-wielkokwiatowa-niska-zolta\/"},"modified":"2023-03-29T18:37:43","modified_gmt":"2023-03-29T18:37:43","slug":"aksamitka-wielkokwiatowa-niska-zolta","status":"publish","type":"product","link":"https:\/\/torseed.eu\/ru\/produkt\/aksamitka-wielkokwiatowa-niska-zolta\/","title":{"rendered":"Aksamitka wielkokwiatowa niska \u017c\u00f3\u0142ta"},"content":{"rendered":"<p>Ro\u015blina jednoroczna o pe\u0142nych, du\u017cych kwiatach. Udaje si\u0119 na ka\u017cdej glebie ogrodowej. Zastosowanie: na rabaty, obw\u00f3dki, balkony.<\/p>","protected":false},"excerpt":{"rendered":"<p>Ro\u015blina jednoroczna o pe\u0142nych, du\u017cych kwiatach. Udaje si\u0119 na ka\u017cdej glebie ogrodowej. Zastosowanie: na rabaty, obw\u00f3dki, balkony.<\/p>\n","protected":false},"featured_media":18317,"comment_status":"open","ping_status":"open","template":"","meta":{"inline_featured_image":false},"product_cat":[94,90],"product_tag":[],"acf":[],"featured_image":"https:\/\/torseed.eu\/app\/uploads\/2023\/03\/708.jpg","_links":{"self":[{"href":"https:\/\/torseed.eu\/ru\/wp-json\/wp\/v2\/product\/30897"}],"collection":[{"href":"https:\/\/torseed.eu\/ru\/wp-json\/wp\/v2\/product"}],"about":[{"href":"https:\/\/torseed.eu\/ru\/wp-json\/wp\/v2\/types\/product"}],"replies":[{"embeddable":true,"href":"https:\/\/torseed.eu\/ru\/wp-json\/wp\/v2\/comments?post=30897"}],"version-history":[{"count":0,"href":"https:\/\/torseed.eu\/ru\/wp-json\/wp\/v2\/product\/30897\/revisions"}],"wp:featuredmedia":[{"embeddable":true,"href":"https:\/\/torseed.eu\/ru\/wp-json\/wp\/v2\/media\/18317"}],"wp:attachment":[{"href":"https:\/\/torseed.eu\/ru\/wp-json\/wp\/v2\/media?parent=30897"}],"wp:term":[{"taxonomy":"product_cat","embeddable":true,"href":"https:\/\/torseed.eu\/ru\/wp-json\/wp\/v2\/product_cat?post=30897"},{"taxonomy":"product_tag","embeddable":true,"href":"https:\/\/torseed.eu\/ru\/wp-json\/wp\/v2\/product_tag?post=30897"}],"curies":[{"name":"wp","href":"https:\/\/api.w.org\/{rel}","templated":true}]}}