{"id":30908,"date":"2022-06-15T06:26:29","date_gmt":"2022-06-15T06:26:29","guid":{"rendered":"https:\/\/refactor-second-attempt.torseed.dev.greenparrot.pl\/produkt\/salata-rzymska-liwia-graspapier\/"},"modified":"2023-03-29T18:38:06","modified_gmt":"2023-03-29T18:38:06","slug":"salata-rzymska-liwia-graspapier","status":"publish","type":"product","link":"https:\/\/torseed.eu\/ru\/produkt\/salata-rzymska-liwia-graspapier\/","title":{"rendered":"Sa\u0142ata rzymska Liwia GRASPAPIER"},"content":{"rendered":"<p>Nowa sa\u0142ata tworz\u0105ca du\u017ce, lu\u017ane g\u0142\u00f3wki z wyd\u0142u\u017conych li\u015bci. Ze wzgl\u0119du na kszta\u0142t i kolor wyr\u00f3\u017cnia si\u0119 w\u015br\u00f3d sa\u0142at. Z powodzeniem wzbogaci i ozdobi ka\u017cd\u0105 potraw\u0119, a tak\u017ce  ogr\u00f3dek. Wykorzystuje si\u0119 j\u0105 do r\u00f3\u017cnych potraw, ale najbardziej znan\u0105 jest sa\u0142atka Cezara. Wyr\u00f3\u017cnia j\u0105 r\u00f3wnie\u017c bogactwo witamin i sk\u0142adnik\u00f3w mineralnych. Przede wszystkim zawiera najwi\u0119cej witaminy C ze wszystkich sa\u0142at. Jest bogata r\u00f3wnie\u017c w witamin\u0119 A, B, PP, wap\u0144, \u017celazo, potas, magnez i fosfor. Beta-karotenu ma wi\u0119cej od marchewki. Zawiera kwas foliowy, a zawarty w niej chrom hamuje apetyt, szczeg\u00f3lnie na s\u0142odycze. Nasza rzymianka mimo swojego bogactwa jest niskokaloryczna. Polecana jest zatem dla os\u00f3b stosuj\u0105cych diety.<\/p>","protected":false},"excerpt":{"rendered":"<p>Nowa sa\u0142ata tworz\u0105ca du\u017ce, lu\u017ane g\u0142\u00f3wki z wyd\u0142u\u017conych li\u015bci. Ze wzgl\u0119du na kszta\u0142t i kolor wyr\u00f3\u017cnia si\u0119 w\u015br\u00f3d sa\u0142at. Z powodzeniem wzbogaci i ozdobi ka\u017cd\u0105 potraw\u0119, a tak\u017ce ogr\u00f3dek. Wykorzystuje si\u0119 j\u0105 do r\u00f3\u017cnych potraw, ale najbardziej znan\u0105 jest sa\u0142atka Cezara. Wyr\u00f3\u017cnia j\u0105 r\u00f3wnie\u017c bogactwo witamin i sk\u0142adnik\u00f3w mineralnych. Przede wszystkim zawiera najwi\u0119cej witaminy C [&hellip;]<\/p>\n","protected":false},"featured_media":18290,"comment_status":"open","ping_status":"open","template":"","meta":{"inline_featured_image":false},"product_cat":[120],"product_tag":[],"acf":[],"featured_image":"https:\/\/torseed.eu\/app\/uploads\/2023\/03\/9191.jpg","_links":{"self":[{"href":"https:\/\/torseed.eu\/ru\/wp-json\/wp\/v2\/product\/30908"}],"collection":[{"href":"https:\/\/torseed.eu\/ru\/wp-json\/wp\/v2\/product"}],"about":[{"href":"https:\/\/torseed.eu\/ru\/wp-json\/wp\/v2\/types\/product"}],"replies":[{"embeddable":true,"href":"https:\/\/torseed.eu\/ru\/wp-json\/wp\/v2\/comments?post=30908"}],"version-history":[{"count":0,"href":"https:\/\/torseed.eu\/ru\/wp-json\/wp\/v2\/product\/30908\/revisions"}],"wp:featuredmedia":[{"embeddable":true,"href":"https:\/\/torseed.eu\/ru\/wp-json\/wp\/v2\/media\/18290"}],"wp:attachment":[{"href":"https:\/\/torseed.eu\/ru\/wp-json\/wp\/v2\/media?parent=30908"}],"wp:term":[{"taxonomy":"product_cat","embeddable":true,"href":"https:\/\/torseed.eu\/ru\/wp-json\/wp\/v2\/product_cat?post=30908"},{"taxonomy":"product_tag","embeddable":true,"href":"https:\/\/torseed.eu\/ru\/wp-json\/wp\/v2\/product_tag?post=30908"}],"curies":[{"name":"wp","href":"https:\/\/api.w.org\/{rel}","templated":true}]}}