{"id":30909,"date":"2022-06-15T06:26:28","date_gmt":"2022-06-15T06:26:28","guid":{"rendered":"https:\/\/refactor-second-attempt.torseed.dev.greenparrot.pl\/produkt\/rukola-jednoroczna-eruca-sativa-graspapier\/"},"modified":"2023-03-29T18:38:06","modified_gmt":"2023-03-29T18:38:06","slug":"rukola-jednoroczna-eruca-sativa-graspapier","status":"publish","type":"product","link":"https:\/\/torseed.eu\/ru\/produkt\/rukola-jednoroczna-eruca-sativa-graspapier\/","title":{"rendered":"Rukola jednoroczna Eruca sativa GRASPAPIER"},"content":{"rendered":"<p>\u015ar\u00f3dziemnomorska, \u0142atwa w uprawie ro\u015blina o aromatycznych, lekko pikantnych i korzennych w smaku li\u015bciach. Ze wzgl\u0119du na specyficzny kszta\u0142t li\u015bci jest niecodzienn\u0105 ozdob\u0105 ogr\u00f3dka i balkonu. Rozety li\u015bciowe dorastaj\u0105 do 15-20cm wysoko\u015bci, a po \u015bci\u0119ciu odrastaj\u0105. Doskonale komponuj\u0105 si\u0119 w r\u00f3\u017cnego rodzaju sa\u0142atkach lub jako dodatek do mi\u0119s, ryb, jaj i ser\u00f3w, czy kanapek, r\u00f3wnie\u017c ze wzgl\u0119d\u00f3w estetycznych. Rukola jest bogata w witaminy  z grupy A, B, C i K. Zawiera kilka razy wi\u0119cej wapnia i \u017celaza ni\u017c sa\u0142ata. Wzmacnia odporno\u015b\u0107, dzia\u0142a antywirusowo,   antynowotworowo, bakteriob\u00f3jczo i reguluje prac\u0119 nerek oraz zapobiega anemii. Staro\u017cytni Rzymianie u\u017cywali jej r\u00f3wnie\u017c  jako afrodyzjaku poprawiaj\u0105cego wigor.<\/p>","protected":false},"excerpt":{"rendered":"<p>\u015ar\u00f3dziemnomorska, \u0142atwa w uprawie ro\u015blina o aromatycznych, lekko pikantnych i korzennych w smaku li\u015bciach. Ze wzgl\u0119du na specyficzny kszta\u0142t li\u015bci jest niecodzienn\u0105 ozdob\u0105 ogr\u00f3dka i balkonu. Rozety li\u015bciowe dorastaj\u0105 do 15-20cm wysoko\u015bci, a po \u015bci\u0119ciu odrastaj\u0105. Doskonale komponuj\u0105 si\u0119 w r\u00f3\u017cnego rodzaju sa\u0142atkach lub jako dodatek do mi\u0119s, ryb, jaj i ser\u00f3w, czy kanapek, r\u00f3wnie\u017c [&hellip;]<\/p>\n","protected":false},"featured_media":18284,"comment_status":"open","ping_status":"open","template":"","meta":{"inline_featured_image":false},"product_cat":[120],"product_tag":[],"acf":[],"featured_image":"https:\/\/torseed.eu\/app\/uploads\/2023\/03\/9189.jpg","_links":{"self":[{"href":"https:\/\/torseed.eu\/ru\/wp-json\/wp\/v2\/product\/30909"}],"collection":[{"href":"https:\/\/torseed.eu\/ru\/wp-json\/wp\/v2\/product"}],"about":[{"href":"https:\/\/torseed.eu\/ru\/wp-json\/wp\/v2\/types\/product"}],"replies":[{"embeddable":true,"href":"https:\/\/torseed.eu\/ru\/wp-json\/wp\/v2\/comments?post=30909"}],"version-history":[{"count":0,"href":"https:\/\/torseed.eu\/ru\/wp-json\/wp\/v2\/product\/30909\/revisions"}],"wp:featuredmedia":[{"embeddable":true,"href":"https:\/\/torseed.eu\/ru\/wp-json\/wp\/v2\/media\/18284"}],"wp:attachment":[{"href":"https:\/\/torseed.eu\/ru\/wp-json\/wp\/v2\/media?parent=30909"}],"wp:term":[{"taxonomy":"product_cat","embeddable":true,"href":"https:\/\/torseed.eu\/ru\/wp-json\/wp\/v2\/product_cat?post=30909"},{"taxonomy":"product_tag","embeddable":true,"href":"https:\/\/torseed.eu\/ru\/wp-json\/wp\/v2\/product_tag?post=30909"}],"curies":[{"name":"wp","href":"https:\/\/api.w.org\/{rel}","templated":true}]}}