{"id":30912,"date":"2022-06-15T06:26:25","date_gmt":"2022-06-15T06:26:25","guid":{"rendered":"https:\/\/refactor-second-attempt.torseed.dev.greenparrot.pl\/produkt\/pietruszka-naciowa-astra-graspapier\/"},"modified":"2023-03-29T18:38:09","modified_gmt":"2023-03-29T18:38:09","slug":"pietruszka-naciowa-astra-graspapier","status":"publish","type":"product","link":"https:\/\/torseed.eu\/ru\/produkt\/pietruszka-naciowa-astra-graspapier\/","title":{"rendered":"Pietruszka naciowa Astra GRASPAPIER"},"content":{"rendered":"<p>Pietruszka naciowa k\u0119dzierzawa Astra \u2013 ro\u015blina o pierzastych, karbowanych, ciemnozielonych li\u015bciach. Bardzo dobrze komponuje si\u0119 z zio\u0142ami na rabacie i balkonie. Jej dekoracyjne li\u015bcie ch\u0119tnie s\u0105 wykorzystywane r\u00f3wnie\u017c w kuchni. U\u017cywa si\u0119 jej do omlet\u00f3w, zup, jaj, ry\u017cu, ziemniak\u00f3w i sa\u0142atek. Podkre\u015bla smak mi\u0119s, ser\u00f3w, czy sos\u00f3w. \u015awie\u017ce li\u015bcie zawieraj\u0105 du\u017co witamin, \u017celazo, mied\u017a, wap\u0144, potas, fosfor i mangan. Ma dzia\u0142anie krwiotw\u00f3rcze, poprawia kr\u0105\u017cenie, przeciwdzia\u0142a pogarszaniu si\u0119 wzroku, zapobiega krzywicy i szkorbutowi oraz posiada w\u0142a\u015bciwo\u015bci moczop\u0119dne i odtruwaj\u0105ce. Jest cenn\u0105 ro\u015blin\u0105, kt\u00f3r\u0105 mo\u017cna u\u017cytkowa\u0107 przez ca\u0142y rok.<\/p>","protected":false},"excerpt":{"rendered":"<p>Pietruszka naciowa k\u0119dzierzawa Astra \u2013 ro\u015blina o pierzastych, karbowanych, ciemnozielonych li\u015bciach. Bardzo dobrze komponuje si\u0119 z zio\u0142ami na rabacie i balkonie. Jej dekoracyjne li\u015bcie ch\u0119tnie s\u0105 wykorzystywane r\u00f3wnie\u017c w kuchni. U\u017cywa si\u0119 jej do omlet\u00f3w, zup, jaj, ry\u017cu, ziemniak\u00f3w i sa\u0142atek. Podkre\u015bla smak mi\u0119s, ser\u00f3w, czy sos\u00f3w. \u015awie\u017ce li\u015bcie zawieraj\u0105 du\u017co witamin, \u017celazo, mied\u017a, wap\u0144, [&hellip;]<\/p>\n","protected":false},"featured_media":18275,"comment_status":"open","ping_status":"open","template":"","meta":{"inline_featured_image":false},"product_cat":[120],"product_tag":[],"acf":[],"featured_image":"https:\/\/torseed.eu\/app\/uploads\/2023\/03\/9186.jpg","_links":{"self":[{"href":"https:\/\/torseed.eu\/ru\/wp-json\/wp\/v2\/product\/30912"}],"collection":[{"href":"https:\/\/torseed.eu\/ru\/wp-json\/wp\/v2\/product"}],"about":[{"href":"https:\/\/torseed.eu\/ru\/wp-json\/wp\/v2\/types\/product"}],"replies":[{"embeddable":true,"href":"https:\/\/torseed.eu\/ru\/wp-json\/wp\/v2\/comments?post=30912"}],"version-history":[{"count":0,"href":"https:\/\/torseed.eu\/ru\/wp-json\/wp\/v2\/product\/30912\/revisions"}],"wp:featuredmedia":[{"embeddable":true,"href":"https:\/\/torseed.eu\/ru\/wp-json\/wp\/v2\/media\/18275"}],"wp:attachment":[{"href":"https:\/\/torseed.eu\/ru\/wp-json\/wp\/v2\/media?parent=30912"}],"wp:term":[{"taxonomy":"product_cat","embeddable":true,"href":"https:\/\/torseed.eu\/ru\/wp-json\/wp\/v2\/product_cat?post=30912"},{"taxonomy":"product_tag","embeddable":true,"href":"https:\/\/torseed.eu\/ru\/wp-json\/wp\/v2\/product_tag?post=30912"}],"curies":[{"name":"wp","href":"https:\/\/api.w.org\/{rel}","templated":true}]}}