{"id":30913,"date":"2022-06-15T06:26:24","date_gmt":"2022-06-15T06:26:24","guid":{"rendered":"https:\/\/refactor-second-attempt.torseed.dev.greenparrot.pl\/produkt\/papryka-ostra-do-uprawy-w-polu-de-cayenne-graspapier\/"},"modified":"2023-03-29T18:38:09","modified_gmt":"2023-03-29T18:38:09","slug":"papryka-ostra-do-uprawy-w-polu-de-cayenne-graspapier","status":"publish","type":"product","link":"https:\/\/torseed.eu\/ru\/produkt\/papryka-ostra-do-uprawy-w-polu-de-cayenne-graspapier\/","title":{"rendered":"Papryka ostra (do uprawy w polu) De Cayenne GRASPAPIER"},"content":{"rendered":"<p>Odmiana wczesna przeznaczona do uprawy w polu. Owoce sto\u017ckowate o d\u0142ugo\u015bci 7-10cm i masie 20-30g s\u0105 zdecydowanie niebanaln\u0105 ozdob\u0105 ka\u017cdego ogrodu, ale tak\u017ce domu. Jej liczne, zmieniaj\u0105ce podczas dorastania kolor owoce, wybijaj\u0105 si\u0119 sponad ciemnozielonych li\u015bci. Jest ostra w smaku, ale mimo tego znajduje szerokie zastosowanie w kuchni. Kapsaicyna zawarta w papryce dra\u017cni\u0105c b\u0142on\u0119 \u015bluzow\u0105 \u017co\u0142\u0105dka wzmaga apetyt i wydzielanie sok\u00f3w \u017co\u0142\u0105dkowych, u\u0142atwiaj\u0105c trawienie. Jednocze\u015bnie hamuje apetyt na s\u0142odycze i t\u0142uste potrawy.<\/p>","protected":false},"excerpt":{"rendered":"<p>Odmiana wczesna przeznaczona do uprawy w polu. Owoce sto\u017ckowate o d\u0142ugo\u015bci 7-10cm i masie 20-30g s\u0105 zdecydowanie niebanaln\u0105 ozdob\u0105 ka\u017cdego ogrodu, ale tak\u017ce domu. Jej liczne, zmieniaj\u0105ce podczas dorastania kolor owoce, wybijaj\u0105 si\u0119 sponad ciemnozielonych li\u015bci. Jest ostra w smaku, ale mimo tego znajduje szerokie zastosowanie w kuchni. Kapsaicyna zawarta w papryce dra\u017cni\u0105c b\u0142on\u0119 \u015bluzow\u0105 [&hellip;]<\/p>\n","protected":false},"featured_media":18269,"comment_status":"open","ping_status":"open","template":"","meta":{"inline_featured_image":false},"product_cat":[120],"product_tag":[],"acf":[],"featured_image":"https:\/\/torseed.eu\/app\/uploads\/2023\/03\/9184.jpg","_links":{"self":[{"href":"https:\/\/torseed.eu\/ru\/wp-json\/wp\/v2\/product\/30913"}],"collection":[{"href":"https:\/\/torseed.eu\/ru\/wp-json\/wp\/v2\/product"}],"about":[{"href":"https:\/\/torseed.eu\/ru\/wp-json\/wp\/v2\/types\/product"}],"replies":[{"embeddable":true,"href":"https:\/\/torseed.eu\/ru\/wp-json\/wp\/v2\/comments?post=30913"}],"version-history":[{"count":0,"href":"https:\/\/torseed.eu\/ru\/wp-json\/wp\/v2\/product\/30913\/revisions"}],"wp:featuredmedia":[{"embeddable":true,"href":"https:\/\/torseed.eu\/ru\/wp-json\/wp\/v2\/media\/18269"}],"wp:attachment":[{"href":"https:\/\/torseed.eu\/ru\/wp-json\/wp\/v2\/media?parent=30913"}],"wp:term":[{"taxonomy":"product_cat","embeddable":true,"href":"https:\/\/torseed.eu\/ru\/wp-json\/wp\/v2\/product_cat?post=30913"},{"taxonomy":"product_tag","embeddable":true,"href":"https:\/\/torseed.eu\/ru\/wp-json\/wp\/v2\/product_tag?post=30913"}],"curies":[{"name":"wp","href":"https:\/\/api.w.org\/{rel}","templated":true}]}}