{"id":30915,"date":"2022-06-15T06:26:23","date_gmt":"2022-06-15T06:26:23","guid":{"rendered":"https:\/\/refactor-second-attempt.torseed.dev.greenparrot.pl\/produkt\/oregano-lebiodka-pospolita-graspapier\/"},"modified":"2023-03-29T18:38:11","modified_gmt":"2023-03-29T18:38:11","slug":"oregano-lebiodka-pospolita-graspapier","status":"publish","type":"product","link":"https:\/\/torseed.eu\/ru\/produkt\/oregano-lebiodka-pospolita-graspapier\/","title":{"rendered":"Oregano\/Lebiodka pospolita GRASPAPIER"},"content":{"rendered":"<p>Ro\u015blina wieloletnia, kt\u00f3ra dorasta do wysoko\u015bci 80cm. Bardzo dobrze komponuje si\u0119 z innymi zio\u0142ami w donicach i skrzynkach. Posadzone wzd\u0142u\u017c \u015bcie\u017cek w ogrodzie b\u0119dzie cieszy\u0107 wspania\u0142ym zapachem. Latem oregano kwitnie na r\u00f3\u017cowo. Najbardziej znane jest jako dodatek do pizzy i zapiekanek. Jest r\u00f3wnie\u017c doskona\u0142ym dodatkiem do w\u0119dlin, sa\u0142atek, sos\u00f3w i ryb, ale tak\u017ce do pieczonego mi\u0119sa i ziemniak\u00f3w oraz zup. Poprawia trawienie i pobudza apetyt. Oregano stosowane jest w postaci olejk\u00f3w lotnych do uspokajaj\u0105cych i dzia\u0142aj\u0105cych przeciwb\u00f3lowo k\u0105pieli aromatycznych. Podaje si\u0119 je r\u00f3wnie\u017c jako lek przeciwskurczowy, dezynfekuj\u0105cy, moczop\u0119dny i przeciwzapalny.<\/p>","protected":false},"excerpt":{"rendered":"<p>Ro\u015blina wieloletnia, kt\u00f3ra dorasta do wysoko\u015bci 80cm. Bardzo dobrze komponuje si\u0119 z innymi zio\u0142ami w donicach i skrzynkach. Posadzone wzd\u0142u\u017c \u015bcie\u017cek w ogrodzie b\u0119dzie cieszy\u0107 wspania\u0142ym zapachem. Latem oregano kwitnie na r\u00f3\u017cowo. Najbardziej znane jest jako dodatek do pizzy i zapiekanek. Jest r\u00f3wnie\u017c doskona\u0142ym dodatkiem do w\u0119dlin, sa\u0142atek, sos\u00f3w i ryb, ale tak\u017ce do pieczonego [&hellip;]<\/p>\n","protected":false},"featured_media":18266,"comment_status":"open","ping_status":"open","template":"","meta":{"inline_featured_image":false},"product_cat":[120],"product_tag":[],"acf":[],"featured_image":"https:\/\/torseed.eu\/app\/uploads\/2023\/03\/9183.jpg","_links":{"self":[{"href":"https:\/\/torseed.eu\/ru\/wp-json\/wp\/v2\/product\/30915"}],"collection":[{"href":"https:\/\/torseed.eu\/ru\/wp-json\/wp\/v2\/product"}],"about":[{"href":"https:\/\/torseed.eu\/ru\/wp-json\/wp\/v2\/types\/product"}],"replies":[{"embeddable":true,"href":"https:\/\/torseed.eu\/ru\/wp-json\/wp\/v2\/comments?post=30915"}],"version-history":[{"count":0,"href":"https:\/\/torseed.eu\/ru\/wp-json\/wp\/v2\/product\/30915\/revisions"}],"wp:featuredmedia":[{"embeddable":true,"href":"https:\/\/torseed.eu\/ru\/wp-json\/wp\/v2\/media\/18266"}],"wp:attachment":[{"href":"https:\/\/torseed.eu\/ru\/wp-json\/wp\/v2\/media?parent=30915"}],"wp:term":[{"taxonomy":"product_cat","embeddable":true,"href":"https:\/\/torseed.eu\/ru\/wp-json\/wp\/v2\/product_cat?post=30915"},{"taxonomy":"product_tag","embeddable":true,"href":"https:\/\/torseed.eu\/ru\/wp-json\/wp\/v2\/product_tag?post=30915"}],"curies":[{"name":"wp","href":"https:\/\/api.w.org\/{rel}","templated":true}]}}