{"id":30917,"date":"2022-06-15T06:26:15","date_gmt":"2022-06-15T06:26:15","guid":{"rendered":"https:\/\/refactor-second-attempt.torseed.dev.greenparrot.pl\/produkt\/nasturcja-wysoka-pnaca-mieszanka-graspapier\/"},"modified":"2023-03-29T18:38:13","modified_gmt":"2023-03-29T18:38:13","slug":"nasturcja-wysoka-pnaca-mieszanka-graspapier","status":"publish","type":"product","link":"https:\/\/torseed.eu\/ru\/produkt\/nasturcja-wysoka-pnaca-mieszanka-graspapier\/","title":{"rendered":"Nasturcja wysoka pn\u0105ca &#8211; mieszanka GRASPAPIER"},"content":{"rendered":"<p>Ro\u015blina jednoroczna kt\u00f3rej pojedyncze lub pe\u0142ne kwiaty z oryginaln\u0105 ostrog\u0105 ozdobi\u0105 ka\u017cdy ogr\u00f3dek i balkon. Nasturcja wabi\u0105c mszyce chroni inne ro\u015bliny, w tym nasz warzywnik. Kwiaty i li\u015bcie maj\u0105 lekko pikantny smak i najcz\u0119\u015bciej dodawane s\u0105 do kanapek i sa\u0142atek. Natomiast m\u0142ode, zielone owoce po zamarynowaniu s\u0105 namiastk\u0105 kapar\u00f3w. W tej postaci znajduj\u0105 bardzo du\u017ce zastosowanie w kuchni. Wyci\u0105g z nasturcji posiada w\u0142a\u015bciwo\u015bci bakterio, wiruso i grzybob\u00f3jcze. Zawiera siark\u0119, kt\u00f3ra poprawia kondycj\u0119 w\u0142os\u00f3w i zmniejsza ich wypadanie. Wspomaga r\u00f3wnie\u017c leczenie tr\u0105dziku i r\u00f3\u017cnego rodzaju wyprysk\u00f3w.<\/p>","protected":false},"excerpt":{"rendered":"<p>Ro\u015blina jednoroczna kt\u00f3rej pojedyncze lub pe\u0142ne kwiaty z oryginaln\u0105 ostrog\u0105 ozdobi\u0105 ka\u017cdy ogr\u00f3dek i balkon. Nasturcja wabi\u0105c mszyce chroni inne ro\u015bliny, w tym nasz warzywnik. Kwiaty i li\u015bcie maj\u0105 lekko pikantny smak i najcz\u0119\u015bciej dodawane s\u0105 do kanapek i sa\u0142atek. Natomiast m\u0142ode, zielone owoce po zamarynowaniu s\u0105 namiastk\u0105 kapar\u00f3w. W tej postaci znajduj\u0105 bardzo du\u017ce [&hellip;]<\/p>\n","protected":false},"featured_media":18260,"comment_status":"open","ping_status":"open","template":"","meta":{"inline_featured_image":false},"product_cat":[120],"product_tag":[],"acf":[],"featured_image":"https:\/\/torseed.eu\/app\/uploads\/2023\/03\/9180.jpg","_links":{"self":[{"href":"https:\/\/torseed.eu\/ru\/wp-json\/wp\/v2\/product\/30917"}],"collection":[{"href":"https:\/\/torseed.eu\/ru\/wp-json\/wp\/v2\/product"}],"about":[{"href":"https:\/\/torseed.eu\/ru\/wp-json\/wp\/v2\/types\/product"}],"replies":[{"embeddable":true,"href":"https:\/\/torseed.eu\/ru\/wp-json\/wp\/v2\/comments?post=30917"}],"version-history":[{"count":0,"href":"https:\/\/torseed.eu\/ru\/wp-json\/wp\/v2\/product\/30917\/revisions"}],"wp:featuredmedia":[{"embeddable":true,"href":"https:\/\/torseed.eu\/ru\/wp-json\/wp\/v2\/media\/18260"}],"wp:attachment":[{"href":"https:\/\/torseed.eu\/ru\/wp-json\/wp\/v2\/media?parent=30917"}],"wp:term":[{"taxonomy":"product_cat","embeddable":true,"href":"https:\/\/torseed.eu\/ru\/wp-json\/wp\/v2\/product_cat?post=30917"},{"taxonomy":"product_tag","embeddable":true,"href":"https:\/\/torseed.eu\/ru\/wp-json\/wp\/v2\/product_tag?post=30917"}],"curies":[{"name":"wp","href":"https:\/\/api.w.org\/{rel}","templated":true}]}}