{"id":30918,"date":"2022-06-15T06:26:14","date_gmt":"2022-06-15T06:26:14","guid":{"rendered":"https:\/\/refactor-second-attempt.torseed.dev.greenparrot.pl\/produkt\/mizuna-zielona-graspapier\/"},"modified":"2023-03-29T18:38:13","modified_gmt":"2023-03-29T18:38:13","slug":"mizuna-zielona-graspapier","status":"publish","type":"product","link":"https:\/\/torseed.eu\/ru\/produkt\/mizuna-zielona-graspapier\/","title":{"rendered":"Mizuna zielona GRASPAPIER"},"content":{"rendered":"<p>Ro\u015blina jednoroczna o d\u0142ugich, g\u0142\u0119boko powcinanych, zielonych i czerwonych li\u015bciach. Jest \u0142atwa w uprawie w polu i na balkonie. Wytrzymuje przymrozki nawet do -50C. Stanowi ozdob\u0119 ka\u017cdego ogr\u00f3dka i balkonu. Jej ozdobne li\u015bcie i drobne bia\u0142e kwiatki wzbogac\u0105 ka\u017cd\u0105 sa\u0142atk\u0119 zar\u00f3wno wizualnie, jak i smakowo. Jest pikantna, ale niezbyt ostra. \u015awietnie nadaje si\u0119 jako farsz lub jako dodatek do kanapek. Zawiera du\u017co witamin i sk\u0142adnik\u00f3w mineralnych jak \u017celazo, magnez, wap\u0144, potas, fosfor, czy mangan. Zalecana uprawa wczesn\u0105 wiosn\u0105 i jesieni\u0105.<\/p>","protected":false},"excerpt":{"rendered":"<p>Ro\u015blina jednoroczna o d\u0142ugich, g\u0142\u0119boko powcinanych, zielonych i czerwonych li\u015bciach. Jest \u0142atwa w uprawie w polu i na balkonie. Wytrzymuje przymrozki nawet do -50C. Stanowi ozdob\u0119 ka\u017cdego ogr\u00f3dka i balkonu. Jej ozdobne li\u015bcie i drobne bia\u0142e kwiatki wzbogac\u0105 ka\u017cd\u0105 sa\u0142atk\u0119 zar\u00f3wno wizualnie, jak i smakowo. Jest pikantna, ale niezbyt ostra. \u015awietnie nadaje si\u0119 jako farsz [&hellip;]<\/p>\n","protected":false},"featured_media":18254,"comment_status":"open","ping_status":"open","template":"","meta":{"inline_featured_image":false},"product_cat":[120],"product_tag":[],"acf":[],"featured_image":"https:\/\/torseed.eu\/app\/uploads\/2023\/03\/9178.jpg","_links":{"self":[{"href":"https:\/\/torseed.eu\/ru\/wp-json\/wp\/v2\/product\/30918"}],"collection":[{"href":"https:\/\/torseed.eu\/ru\/wp-json\/wp\/v2\/product"}],"about":[{"href":"https:\/\/torseed.eu\/ru\/wp-json\/wp\/v2\/types\/product"}],"replies":[{"embeddable":true,"href":"https:\/\/torseed.eu\/ru\/wp-json\/wp\/v2\/comments?post=30918"}],"version-history":[{"count":0,"href":"https:\/\/torseed.eu\/ru\/wp-json\/wp\/v2\/product\/30918\/revisions"}],"wp:featuredmedia":[{"embeddable":true,"href":"https:\/\/torseed.eu\/ru\/wp-json\/wp\/v2\/media\/18254"}],"wp:attachment":[{"href":"https:\/\/torseed.eu\/ru\/wp-json\/wp\/v2\/media?parent=30918"}],"wp:term":[{"taxonomy":"product_cat","embeddable":true,"href":"https:\/\/torseed.eu\/ru\/wp-json\/wp\/v2\/product_cat?post=30918"},{"taxonomy":"product_tag","embeddable":true,"href":"https:\/\/torseed.eu\/ru\/wp-json\/wp\/v2\/product_tag?post=30918"}],"curies":[{"name":"wp","href":"https:\/\/api.w.org\/{rel}","templated":true}]}}