{"id":30921,"date":"2022-06-15T06:26:12","date_gmt":"2022-06-15T06:26:12","guid":{"rendered":"https:\/\/refactor-second-attempt.torseed.dev.greenparrot.pl\/produkt\/melisa-lekarska-graspapier\/"},"modified":"2023-03-29T18:38:16","modified_gmt":"2023-03-29T18:38:16","slug":"melisa-lekarska-graspapier","status":"publish","type":"product","link":"https:\/\/torseed.eu\/ru\/produkt\/melisa-lekarska-graspapier\/","title":{"rendered":"Melisa lekarska GRASPAPIER"},"content":{"rendered":"<p>Ro\u015blina wieloletnia o du\u017cych, karbowanych li\u015bciach w kolorze ciemnozielonym i intensywnym, przyjemnym, cytrynowym aromacie. Dodawana jest do lod\u00f3w, sorbet\u00f3w, \u015bwie\u017cych sok\u00f3w i orze\u017awiaj\u0105cych herbat. Przede wszystkim znana jest z  w\u0142a\u015bciwo\u015bci uspokajaj\u0105cych i orze\u017awiaj\u0105cych. Pobudza r\u00f3wnie\u017c trawienie, reguluje zaburzenia rytmu serca i ci\u015bnienia t\u0119tniczego krwi. W postaci naparu pomaga przy zaburzeniach snu, b\u00f3lach g\u0142owy i b\u00f3lach menstruacyjnych oraz regeneruje system nerwowy. Podczas gor\u0105czki sch\u0142adza organizm, a stosowana jako ok\u0142ad, likwiduje obrz\u0119ki i uk\u0105szenia komar\u00f3w. Uprawiana r\u00f3wnie\u017c na balkonach i tarasach.<\/p>","protected":false},"excerpt":{"rendered":"<p>Ro\u015blina wieloletnia o du\u017cych, karbowanych li\u015bciach w kolorze ciemnozielonym i intensywnym, przyjemnym, cytrynowym aromacie. Dodawana jest do lod\u00f3w, sorbet\u00f3w, \u015bwie\u017cych sok\u00f3w i orze\u017awiaj\u0105cych herbat. Przede wszystkim znana jest z w\u0142a\u015bciwo\u015bci uspokajaj\u0105cych i orze\u017awiaj\u0105cych. Pobudza r\u00f3wnie\u017c trawienie, reguluje zaburzenia rytmu serca i ci\u015bnienia t\u0119tniczego krwi. W postaci naparu pomaga przy zaburzeniach snu, b\u00f3lach g\u0142owy i b\u00f3lach [&hellip;]<\/p>\n","protected":false},"featured_media":18248,"comment_status":"open","ping_status":"open","template":"","meta":{"inline_featured_image":false},"product_cat":[120],"product_tag":[],"acf":[],"featured_image":"https:\/\/torseed.eu\/app\/uploads\/2023\/03\/9176.jpg","_links":{"self":[{"href":"https:\/\/torseed.eu\/ru\/wp-json\/wp\/v2\/product\/30921"}],"collection":[{"href":"https:\/\/torseed.eu\/ru\/wp-json\/wp\/v2\/product"}],"about":[{"href":"https:\/\/torseed.eu\/ru\/wp-json\/wp\/v2\/types\/product"}],"replies":[{"embeddable":true,"href":"https:\/\/torseed.eu\/ru\/wp-json\/wp\/v2\/comments?post=30921"}],"version-history":[{"count":0,"href":"https:\/\/torseed.eu\/ru\/wp-json\/wp\/v2\/product\/30921\/revisions"}],"wp:featuredmedia":[{"embeddable":true,"href":"https:\/\/torseed.eu\/ru\/wp-json\/wp\/v2\/media\/18248"}],"wp:attachment":[{"href":"https:\/\/torseed.eu\/ru\/wp-json\/wp\/v2\/media?parent=30921"}],"wp:term":[{"taxonomy":"product_cat","embeddable":true,"href":"https:\/\/torseed.eu\/ru\/wp-json\/wp\/v2\/product_cat?post=30921"},{"taxonomy":"product_tag","embeddable":true,"href":"https:\/\/torseed.eu\/ru\/wp-json\/wp\/v2\/product_tag?post=30921"}],"curies":[{"name":"wp","href":"https:\/\/api.w.org\/{rel}","templated":true}]}}