{"id":30929,"date":"2022-06-15T06:26:00","date_gmt":"2022-06-15T06:26:00","guid":{"rendered":"https:\/\/refactor-second-attempt.torseed.dev.greenparrot.pl\/produkt\/jezowka-purpurowa-graspapier\/"},"modified":"2023-03-29T18:38:36","modified_gmt":"2023-03-29T18:38:36","slug":"jezowka-purpurowa-graspapier","status":"publish","type":"product","link":"https:\/\/torseed.eu\/ru\/produkt\/jezowka-purpurowa-graspapier\/","title":{"rendered":"Je\u017c\u00f3wka purpurowa GRASPAPIER"},"content":{"rendered":"<p>Ro\u015blina wieloletnia wysoko\u015bci 60-100cm,kt\u00f3r\u0105 uwielbiaj\u0105 odwiedza\u0107 motyle. Opr\u00f3cz leczniczych w\u0142a\u015bciwo\u015bci znana jest ze swojego pi\u0119knego wygl\u0105du, kt\u00f3ry b\u0119dzie idealnym wype\u0142nieniem ka\u017cdej ogrodowej kompozycji. Drobno posiekany korze\u0144 je\u017c\u00f3wki ma s\u0142odki zapach, co stanowi przeciwwag\u0119 dla lekko gorzkiego smaku. Wyci\u0105g z korzeni i k\u0142\u0105czy zawiera substancje antybakteryjne powoduj\u0105ce wzrost og\u00f3lnej odporno\u015bci organizmu przez co powinna by\u0107 stosowana w okresach wzmo\u017conych przezi\u0119bie\u0144. Je\u017c\u00f3wka purpurowa sprawdza si\u0119 r\u00f3wnie\u017c przy dolegliwo\u015bciach sk\u00f3rnych (p\u0119cherze, opryszczki, tr\u0105dzik).<\/p>","protected":false},"excerpt":{"rendered":"<p>Ro\u015blina wieloletnia wysoko\u015bci 60-100cm,kt\u00f3r\u0105 uwielbiaj\u0105 odwiedza\u0107 motyle. Opr\u00f3cz leczniczych w\u0142a\u015bciwo\u015bci znana jest ze swojego pi\u0119knego wygl\u0105du, kt\u00f3ry b\u0119dzie idealnym wype\u0142nieniem ka\u017cdej ogrodowej kompozycji. Drobno posiekany korze\u0144 je\u017c\u00f3wki ma s\u0142odki zapach, co stanowi przeciwwag\u0119 dla lekko gorzkiego smaku. Wyci\u0105g z korzeni i k\u0142\u0105czy zawiera substancje antybakteryjne powoduj\u0105ce wzrost og\u00f3lnej odporno\u015bci organizmu przez co powinna by\u0107 stosowana [&hellip;]<\/p>\n","protected":false},"featured_media":18224,"comment_status":"open","ping_status":"open","template":"","meta":{"inline_featured_image":false},"product_cat":[120],"product_tag":[],"acf":[],"featured_image":"https:\/\/torseed.eu\/app\/uploads\/2023\/03\/9168.jpg","_links":{"self":[{"href":"https:\/\/torseed.eu\/ru\/wp-json\/wp\/v2\/product\/30929"}],"collection":[{"href":"https:\/\/torseed.eu\/ru\/wp-json\/wp\/v2\/product"}],"about":[{"href":"https:\/\/torseed.eu\/ru\/wp-json\/wp\/v2\/types\/product"}],"replies":[{"embeddable":true,"href":"https:\/\/torseed.eu\/ru\/wp-json\/wp\/v2\/comments?post=30929"}],"version-history":[{"count":0,"href":"https:\/\/torseed.eu\/ru\/wp-json\/wp\/v2\/product\/30929\/revisions"}],"wp:featuredmedia":[{"embeddable":true,"href":"https:\/\/torseed.eu\/ru\/wp-json\/wp\/v2\/media\/18224"}],"wp:attachment":[{"href":"https:\/\/torseed.eu\/ru\/wp-json\/wp\/v2\/media?parent=30929"}],"wp:term":[{"taxonomy":"product_cat","embeddable":true,"href":"https:\/\/torseed.eu\/ru\/wp-json\/wp\/v2\/product_cat?post=30929"},{"taxonomy":"product_tag","embeddable":true,"href":"https:\/\/torseed.eu\/ru\/wp-json\/wp\/v2\/product_tag?post=30929"}],"curies":[{"name":"wp","href":"https:\/\/api.w.org\/{rel}","templated":true}]}}