{"id":30934,"date":"2022-06-15T06:25:56","date_gmt":"2022-06-15T06:25:56","guid":{"rendered":"https:\/\/refactor-second-attempt.torseed.dev.greenparrot.pl\/produkt\/czarnuszka-siewna-graspapier\/"},"modified":"2023-03-29T18:38:39","modified_gmt":"2023-03-29T18:38:39","slug":"czarnuszka-siewna-graspapier","status":"publish","type":"product","link":"https:\/\/torseed.eu\/ru\/produkt\/czarnuszka-siewna-graspapier\/","title":{"rendered":"Czarnuszka siewna GRASPAPIER"},"content":{"rendered":"<p>Ro\u015blina jednoroczna, kt\u00f3rej cz\u0119\u015b\u0107 u\u017cytkow\u0105 stanowi\u0105 nasiona stosowane jako dodatek do pieczywa i r\u00f3\u017cnego rodzaju past, nadaj\u0105c im niepowtarzalny smak. Z racji swoich cennych w\u0142a\u015bciwo\u015bci leczniczych dawniej nazywana by\u0142a Z\u0142otem Faraon\u00f3w. Wielobarwne du\u017ce kwiaty od bia\u0142ego poprzez r\u00f3\u017cowe do niebieskiego s\u0105 wspania\u0142\u0105 ozdob\u0105 ka\u017cdego ogr\u00f3dka. Czarnuszka wzmacnia organizm, wp\u0142ywa korzystnie na uk\u0142ad immunologiczny, pomaga zwalczy\u0107 przezi\u0119bienie i gryp\u0119. Szczeg\u00f3lnie polecana jest alergikom i astmatykom. Napar rozszerza oskrzela, ma dzia\u0142anie wykrztu\u015bne. Zewn\u0119trznie napary u\u017cywane s\u0105 przy tr\u0105dziku, atopowym zapaleniu sk\u00f3ry i grzybicach sk\u00f3ry. Napar wspomaga r\u00f3wnie\u017c procesy trawienia oraz dzia\u0142a moczop\u0119dnie.<\/p>","protected":false},"excerpt":{"rendered":"<p>Ro\u015blina jednoroczna, kt\u00f3rej cz\u0119\u015b\u0107 u\u017cytkow\u0105 stanowi\u0105 nasiona stosowane jako dodatek do pieczywa i r\u00f3\u017cnego rodzaju past, nadaj\u0105c im niepowtarzalny smak. Z racji swoich cennych w\u0142a\u015bciwo\u015bci leczniczych dawniej nazywana by\u0142a Z\u0142otem Faraon\u00f3w. Wielobarwne du\u017ce kwiaty od bia\u0142ego poprzez r\u00f3\u017cowe do niebieskiego s\u0105 wspania\u0142\u0105 ozdob\u0105 ka\u017cdego ogr\u00f3dka. Czarnuszka wzmacnia organizm, wp\u0142ywa korzystnie na uk\u0142ad immunologiczny, pomaga zwalczy\u0107 [&hellip;]<\/p>\n","protected":false},"featured_media":18212,"comment_status":"open","ping_status":"closed","template":"","meta":{"inline_featured_image":false},"product_cat":[120],"product_tag":[],"acf":[],"featured_image":"https:\/\/torseed.eu\/app\/uploads\/2023\/03\/9164.jpg","_links":{"self":[{"href":"https:\/\/torseed.eu\/ru\/wp-json\/wp\/v2\/product\/30934"}],"collection":[{"href":"https:\/\/torseed.eu\/ru\/wp-json\/wp\/v2\/product"}],"about":[{"href":"https:\/\/torseed.eu\/ru\/wp-json\/wp\/v2\/types\/product"}],"replies":[{"embeddable":true,"href":"https:\/\/torseed.eu\/ru\/wp-json\/wp\/v2\/comments?post=30934"}],"version-history":[{"count":0,"href":"https:\/\/torseed.eu\/ru\/wp-json\/wp\/v2\/product\/30934\/revisions"}],"wp:featuredmedia":[{"embeddable":true,"href":"https:\/\/torseed.eu\/ru\/wp-json\/wp\/v2\/media\/18212"}],"wp:attachment":[{"href":"https:\/\/torseed.eu\/ru\/wp-json\/wp\/v2\/media?parent=30934"}],"wp:term":[{"taxonomy":"product_cat","embeddable":true,"href":"https:\/\/torseed.eu\/ru\/wp-json\/wp\/v2\/product_cat?post=30934"},{"taxonomy":"product_tag","embeddable":true,"href":"https:\/\/torseed.eu\/ru\/wp-json\/wp\/v2\/product_tag?post=30934"}],"curies":[{"name":"wp","href":"https:\/\/api.w.org\/{rel}","templated":true}]}}