{"id":30935,"date":"2022-06-15T06:25:55","date_gmt":"2022-06-15T06:25:55","guid":{"rendered":"https:\/\/refactor-second-attempt.torseed.dev.greenparrot.pl\/produkt\/dynia-zwyczajna-cukinia-mieszanka-odmian-graspapier\/"},"modified":"2023-03-29T18:38:40","modified_gmt":"2023-03-29T18:38:40","slug":"dynia-zwyczajna-cukinia-mieszanka-odmian-graspapier","status":"publish","type":"product","link":"https:\/\/torseed.eu\/ru\/produkt\/dynia-zwyczajna-cukinia-mieszanka-odmian-graspapier\/","title":{"rendered":"Dynia zwyczajna &#8211; Cukinia mieszanka odmian GRASPAPIER"},"content":{"rendered":"<p>Mieszanka odmian r\u00f3\u017cni\u0105cych si\u0119 barw\u0105 sk\u00f3rki (od ciemnozielonej poprzez dwukolorow\u0105 i \u017c\u00f3\u0142t\u0105 do bia\u0142ej). Doskonale komponuj\u0105 si\u0119 szczeg\u00f3lnie w konserwowanych mieszankach warzywnych. Ro\u015blina znana r\u00f3wnie\u017c z doskona\u0142ego smaku kwiat\u00f3w, kt\u00f3re stanowi\u0105 ozdob\u0119 ka\u017cdego ogr\u00f3dka. \u0141agodny smak cukinii dobrze komponuje si\u0119 w wielu potrawach. Wykorzystanie kwiat\u00f3w cukinii jest coraz cz\u0119\u015bciej spotykane w kuchni, nawet jako g\u0142\u00f3wny sk\u0142adnik. Przyk\u0142adem mog\u0105 by\u0107 sma\u017cone kwiaty w cie\u015bcie nale\u015bnikowym. Cukinia odkwasza organizm i ma pozytywny wp\u0142yw na proces trawienia. Polecana jest w szczeg\u00f3lno\u015bci w problemach z nadkwa\u015bno\u015bci\u0105. W\u0142a\u015bciwo\u015bci te zawdzi\u0119cza g\u0142\u00f3wnie dzi\u0119ki zdolno\u015bci do nieodk\u0142adania metali ci\u0119\u017ckich.<\/p>","protected":false},"excerpt":{"rendered":"<p>Mieszanka odmian r\u00f3\u017cni\u0105cych si\u0119 barw\u0105 sk\u00f3rki (od ciemnozielonej poprzez dwukolorow\u0105 i \u017c\u00f3\u0142t\u0105 do bia\u0142ej). Doskonale komponuj\u0105 si\u0119 szczeg\u00f3lnie w konserwowanych mieszankach warzywnych. Ro\u015blina znana r\u00f3wnie\u017c z doskona\u0142ego smaku kwiat\u00f3w, kt\u00f3re stanowi\u0105 ozdob\u0119 ka\u017cdego ogr\u00f3dka. \u0141agodny smak cukinii dobrze komponuje si\u0119 w wielu potrawach. Wykorzystanie kwiat\u00f3w cukinii jest coraz cz\u0119\u015bciej spotykane w kuchni, nawet jako g\u0142\u00f3wny [&hellip;]<\/p>\n","protected":false},"featured_media":18206,"comment_status":"open","ping_status":"open","template":"","meta":{"inline_featured_image":false},"product_cat":[120],"product_tag":[],"acf":[],"featured_image":"https:\/\/torseed.eu\/app\/uploads\/2023\/03\/9162.jpg","_links":{"self":[{"href":"https:\/\/torseed.eu\/ru\/wp-json\/wp\/v2\/product\/30935"}],"collection":[{"href":"https:\/\/torseed.eu\/ru\/wp-json\/wp\/v2\/product"}],"about":[{"href":"https:\/\/torseed.eu\/ru\/wp-json\/wp\/v2\/types\/product"}],"replies":[{"embeddable":true,"href":"https:\/\/torseed.eu\/ru\/wp-json\/wp\/v2\/comments?post=30935"}],"version-history":[{"count":0,"href":"https:\/\/torseed.eu\/ru\/wp-json\/wp\/v2\/product\/30935\/revisions"}],"wp:featuredmedia":[{"embeddable":true,"href":"https:\/\/torseed.eu\/ru\/wp-json\/wp\/v2\/media\/18206"}],"wp:attachment":[{"href":"https:\/\/torseed.eu\/ru\/wp-json\/wp\/v2\/media?parent=30935"}],"wp:term":[{"taxonomy":"product_cat","embeddable":true,"href":"https:\/\/torseed.eu\/ru\/wp-json\/wp\/v2\/product_cat?post=30935"},{"taxonomy":"product_tag","embeddable":true,"href":"https:\/\/torseed.eu\/ru\/wp-json\/wp\/v2\/product_tag?post=30935"}],"curies":[{"name":"wp","href":"https:\/\/api.w.org\/{rel}","templated":true}]}}