{"id":30936,"date":"2022-06-15T06:25:54","date_gmt":"2022-06-15T06:25:54","guid":{"rendered":"https:\/\/refactor-second-attempt.torseed.dev.greenparrot.pl\/produkt\/chaber-blawatek-mieszanka-graspapier\/"},"modified":"2023-03-29T18:38:41","modified_gmt":"2023-03-29T18:38:41","slug":"chaber-blawatek-mieszanka-graspapier","status":"publish","type":"product","link":"https:\/\/torseed.eu\/ru\/produkt\/chaber-blawatek-mieszanka-graspapier\/","title":{"rendered":"Chaber b\u0142awatek mieszanka GRASPAPIER"},"content":{"rendered":"<p>Ro\u015blina jednoroczna  wysoko\u015bci 30-90 cm, o pe\u0142nych r\u00f3\u017cnobarwnych kwiatach.  Stosowana g\u0142ownie na kwiat ci\u0119ty i na rabaty. Wywary i herbaty z dodatkiem b\u0142awatka charakteryzuj\u0105 si\u0119 delikatnym smakiem. Nale\u017cy jednak pami\u0119ta\u0107 aby u\u017cywa\u0107 we w\u0142a\u015bciwy spos\u00f3b zasuszonych p\u0142atk\u00f3w, poniewa\u017c w przeciwnym przypadku mo\u017ce on straci\u0107 swoje w\u0142a\u015bciwo\u015bci antyoksydacyjne, moczop\u0119dne, przeciwbakteryjne i antyzapalne. Picie napoj\u00f3w z dodatkiem b\u0142awatka szczeg\u00f3lnie wskazane jest przy chorobach uk\u0142adu moczowego i niestrawno\u015bci. Zewn\u0119trznie stosuje si\u0119 r\u00f3wnie\u017c przy zapaleniu brzeg\u00f3w powiek i spoj\u00f3wek oraz nadwra\u017cliwo\u015bci na promieniowanie ekran\u00f3w telewizyjnych i monitor\u00f3w.<\/p>","protected":false},"excerpt":{"rendered":"<p>Ro\u015blina jednoroczna wysoko\u015bci 30-90 cm, o pe\u0142nych r\u00f3\u017cnobarwnych kwiatach. Stosowana g\u0142ownie na kwiat ci\u0119ty i na rabaty. Wywary i herbaty z dodatkiem b\u0142awatka charakteryzuj\u0105 si\u0119 delikatnym smakiem. Nale\u017cy jednak pami\u0119ta\u0107 aby u\u017cywa\u0107 we w\u0142a\u015bciwy spos\u00f3b zasuszonych p\u0142atk\u00f3w, poniewa\u017c w przeciwnym przypadku mo\u017ce on straci\u0107 swoje w\u0142a\u015bciwo\u015bci antyoksydacyjne, moczop\u0119dne, przeciwbakteryjne i antyzapalne. Picie napoj\u00f3w z dodatkiem [&hellip;]<\/p>\n","protected":false},"featured_media":18203,"comment_status":"open","ping_status":"open","template":"","meta":{"inline_featured_image":false},"product_cat":[120],"product_tag":[],"acf":[],"featured_image":"https:\/\/torseed.eu\/app\/uploads\/2023\/03\/9161.jpg","_links":{"self":[{"href":"https:\/\/torseed.eu\/ru\/wp-json\/wp\/v2\/product\/30936"}],"collection":[{"href":"https:\/\/torseed.eu\/ru\/wp-json\/wp\/v2\/product"}],"about":[{"href":"https:\/\/torseed.eu\/ru\/wp-json\/wp\/v2\/types\/product"}],"replies":[{"embeddable":true,"href":"https:\/\/torseed.eu\/ru\/wp-json\/wp\/v2\/comments?post=30936"}],"version-history":[{"count":0,"href":"https:\/\/torseed.eu\/ru\/wp-json\/wp\/v2\/product\/30936\/revisions"}],"wp:featuredmedia":[{"embeddable":true,"href":"https:\/\/torseed.eu\/ru\/wp-json\/wp\/v2\/media\/18203"}],"wp:attachment":[{"href":"https:\/\/torseed.eu\/ru\/wp-json\/wp\/v2\/media?parent=30936"}],"wp:term":[{"taxonomy":"product_cat","embeddable":true,"href":"https:\/\/torseed.eu\/ru\/wp-json\/wp\/v2\/product_cat?post=30936"},{"taxonomy":"product_tag","embeddable":true,"href":"https:\/\/torseed.eu\/ru\/wp-json\/wp\/v2\/product_tag?post=30936"}],"curies":[{"name":"wp","href":"https:\/\/api.w.org\/{rel}","templated":true}]}}