{"id":30940,"date":"2022-06-15T06:25:46","date_gmt":"2022-06-15T06:25:46","guid":{"rendered":"https:\/\/refactor-second-attempt.torseed.dev.greenparrot.pl\/produkt\/bazylia-zielona-graspapier\/"},"modified":"2023-03-29T18:38:44","modified_gmt":"2023-03-29T18:38:44","slug":"bazylia-zielona-graspapier","status":"publish","type":"product","link":"https:\/\/torseed.eu\/ru\/produkt\/bazylia-zielona-graspapier\/","title":{"rendered":"Bazylia zielona GRASPAPIER"},"content":{"rendered":"<p>Bazylia pospolita \u2013 ro\u015blina jednoroczna o zielonych okr\u0105g\u0142ych li\u015bciach, kt\u00f3re bardzo cz\u0119sto dodawane s\u0105 do r\u00f3\u017cnego rodzaju sa\u0142atek, sos\u00f3w, zup czy mi\u0119s. Nie tylko ze wzgl\u0119du na sw\u00f3j wspania\u0142y aromat ale r\u00f3wnie\u017c dlatego, \u017ce \u015bwie\u017ce li\u015bcie wspaniale dekoruj\u0105 potrawy. Bazylii u\u017cywa si\u0119 tak\u017ce do aromatyzowania octu, oliwy i oleju. Zawarte w bazylii olejki eteryczne pobudzaj\u0105 \u0142aknienie i trawienie. Ma w\u0142a\u015bciwo\u015bci antynowotworowe oraz dzia\u0142a uspokajaj\u0105co i antydepresyjnie. Zawiera witamin\u0119 K, C i A oraz \u017celazo, b\u0142onnik, potas, mangan, magnez i wap\u0144. Uprawiana jest w gruncie ale r\u00f3wnie\u017c na balkonie, czy nawet parapecie.<\/p>","protected":false},"excerpt":{"rendered":"<p>Bazylia pospolita \u2013 ro\u015blina jednoroczna o zielonych okr\u0105g\u0142ych li\u015bciach, kt\u00f3re bardzo cz\u0119sto dodawane s\u0105 do r\u00f3\u017cnego rodzaju sa\u0142atek, sos\u00f3w, zup czy mi\u0119s. Nie tylko ze wzgl\u0119du na sw\u00f3j wspania\u0142y aromat ale r\u00f3wnie\u017c dlatego, \u017ce \u015bwie\u017ce li\u015bcie wspaniale dekoruj\u0105 potrawy. Bazylii u\u017cywa si\u0119 tak\u017ce do aromatyzowania octu, oliwy i oleju. Zawarte w bazylii olejki eteryczne pobudzaj\u0105 [&hellip;]<\/p>\n","protected":false},"featured_media":18191,"comment_status":"open","ping_status":"open","template":"","meta":{"inline_featured_image":false},"product_cat":[120],"product_tag":[],"acf":[],"featured_image":"https:\/\/torseed.eu\/app\/uploads\/2023\/03\/9198.jpg","_links":{"self":[{"href":"https:\/\/torseed.eu\/ru\/wp-json\/wp\/v2\/product\/30940"}],"collection":[{"href":"https:\/\/torseed.eu\/ru\/wp-json\/wp\/v2\/product"}],"about":[{"href":"https:\/\/torseed.eu\/ru\/wp-json\/wp\/v2\/types\/product"}],"replies":[{"embeddable":true,"href":"https:\/\/torseed.eu\/ru\/wp-json\/wp\/v2\/comments?post=30940"}],"version-history":[{"count":0,"href":"https:\/\/torseed.eu\/ru\/wp-json\/wp\/v2\/product\/30940\/revisions"}],"wp:featuredmedia":[{"embeddable":true,"href":"https:\/\/torseed.eu\/ru\/wp-json\/wp\/v2\/media\/18191"}],"wp:attachment":[{"href":"https:\/\/torseed.eu\/ru\/wp-json\/wp\/v2\/media?parent=30940"}],"wp:term":[{"taxonomy":"product_cat","embeddable":true,"href":"https:\/\/torseed.eu\/ru\/wp-json\/wp\/v2\/product_cat?post=30940"},{"taxonomy":"product_tag","embeddable":true,"href":"https:\/\/torseed.eu\/ru\/wp-json\/wp\/v2\/product_tag?post=30940"}],"curies":[{"name":"wp","href":"https:\/\/api.w.org\/{rel}","templated":true}]}}