{"id":30941,"date":"2022-06-15T06:25:45","date_gmt":"2022-06-15T06:25:45","guid":{"rendered":"https:\/\/refactor-second-attempt.torseed.dev.greenparrot.pl\/produkt\/aksamitka-rozpierzchla-niska-dwubarwna-graspapier\/"},"modified":"2023-03-29T18:38:45","modified_gmt":"2023-03-29T18:38:45","slug":"aksamitka-rozpierzchla-niska-dwubarwna-graspapier","status":"publish","type":"product","link":"https:\/\/torseed.eu\/ru\/produkt\/aksamitka-rozpierzchla-niska-dwubarwna-graspapier\/","title":{"rendered":"Aksamitka rozpierzch\u0142a niska dwubarwna GRASPAPIER"},"content":{"rendered":"<p>Aksamitka niska Bolero \u2013 kwiaty w odcieniach barwy \u017c\u00f3\u0142tej i pomara\u0144czowej z domieszk\u0105 ciep\u0142ych br\u0105z\u00f3w, kt\u00f3re kwitn\u0105 od czerwca do pierwszych mroz\u00f3w. Polecana na balkon i do gruntu. P\u0142atki dzi\u0119ki cytrusowemu aromatowi \u015bwietnie sprawdzaj\u0105 si\u0119 jako dodatek do sa\u0142atek i deser\u00f3w. W Gruzji suszone p\u0142atki  aksamitki u\u017cywane s\u0105 jako ta\u0144szy zamiennik szafranu i nazywane s\u0105 imerety\u0144skim szafranem. Ze wzgl\u0119du na goryczk\u0119 dno kwiatowe nie jest zalecane do spo\u017cycia. Dzi\u0119ki du\u017cej zawarto\u015bci fitoncyd\u00f3w ma silne dzia\u0142anie bakteriob\u00f3jcze oraz hamuje rozw\u00f3j grzyb\u00f3w z rodzaju Candida. Dodatkowo dzia\u0142a wykrztu\u015bnie. Wspomaga leczenie zapalenia zatok, gard\u0142a, oskrzeli i p\u0142uc. Zalecana jest r\u00f3wnie\u017c przy opornych na antybiotyki infekcjach bakteryjnych.<\/p>","protected":false},"excerpt":{"rendered":"<p>Aksamitka niska Bolero \u2013 kwiaty w odcieniach barwy \u017c\u00f3\u0142tej i pomara\u0144czowej z domieszk\u0105 ciep\u0142ych br\u0105z\u00f3w, kt\u00f3re kwitn\u0105 od czerwca do pierwszych mroz\u00f3w. Polecana na balkon i do gruntu. P\u0142atki dzi\u0119ki cytrusowemu aromatowi \u015bwietnie sprawdzaj\u0105 si\u0119 jako dodatek do sa\u0142atek i deser\u00f3w. W Gruzji suszone p\u0142atki aksamitki u\u017cywane s\u0105 jako ta\u0144szy zamiennik szafranu i nazywane s\u0105 [&hellip;]<\/p>\n","protected":false},"featured_media":18188,"comment_status":"open","ping_status":"closed","template":"","meta":{"inline_featured_image":false},"product_cat":[120],"product_tag":[],"acf":[],"featured_image":"https:\/\/torseed.eu\/app\/uploads\/2023\/03\/9155.jpg","_links":{"self":[{"href":"https:\/\/torseed.eu\/ru\/wp-json\/wp\/v2\/product\/30941"}],"collection":[{"href":"https:\/\/torseed.eu\/ru\/wp-json\/wp\/v2\/product"}],"about":[{"href":"https:\/\/torseed.eu\/ru\/wp-json\/wp\/v2\/types\/product"}],"replies":[{"embeddable":true,"href":"https:\/\/torseed.eu\/ru\/wp-json\/wp\/v2\/comments?post=30941"}],"version-history":[{"count":0,"href":"https:\/\/torseed.eu\/ru\/wp-json\/wp\/v2\/product\/30941\/revisions"}],"wp:featuredmedia":[{"embeddable":true,"href":"https:\/\/torseed.eu\/ru\/wp-json\/wp\/v2\/media\/18188"}],"wp:attachment":[{"href":"https:\/\/torseed.eu\/ru\/wp-json\/wp\/v2\/media?parent=30941"}],"wp:term":[{"taxonomy":"product_cat","embeddable":true,"href":"https:\/\/torseed.eu\/ru\/wp-json\/wp\/v2\/product_cat?post=30941"},{"taxonomy":"product_tag","embeddable":true,"href":"https:\/\/torseed.eu\/ru\/wp-json\/wp\/v2\/product_tag?post=30941"}],"curies":[{"name":"wp","href":"https:\/\/api.w.org\/{rel}","templated":true}]}}