{"id":30947,"date":"2022-06-15T06:25:36","date_gmt":"2022-06-15T06:25:36","guid":{"rendered":"https:\/\/refactor-second-attempt.torseed.dev.greenparrot.pl\/produkt\/nasiona-na-mikrolistki-rukola\/"},"modified":"2023-03-29T18:39:02","modified_gmt":"2023-03-29T18:39:02","slug":"nasiona-na-mikrolistki-rukola","status":"publish","type":"product","link":"https:\/\/torseed.eu\/ru\/produkt\/nasiona-na-mikrolistki-rukola\/","title":{"rendered":"Nasiona na mikrolistki Rukola"},"content":{"rendered":"<p>Mikrolistki (microgreens) mog\u0105 stanowi\u0107 dobr\u0105 alternatyw\u0119 dla kie\u0142k\u00f3w. R\u00f3\u017cnica mi\u0119dzy nimi polega na sposobie wysiewu (produkcji) oraz na u\u017cytkowaniu ich na innym (p\u00f3\u017aniejszym) etapie rozwoju siewek. Nasiona wysiewane s\u0105 w pod\u0142o\u017cu glebowym w ci\u0105gu ca\u0142ego roku do doniczek, korytek czy innych pojemnik\u00f3w. Spo\u017cywane s\u0105 nadziemne cz\u0119\u015bci p\u0119d\u00f3w z m\u0142odymi listkami , kt\u00f3re s\u0105 skoncentrowanym, bardzo bogatym \u017ar\u00f3d\u0142em witamin, przeciwutleniaczy, mikro i makroelement\u00f3w. W por\u00f3wnaniu z kie\u0142kami posiadaj\u0105 bardziej wyrazisty smak i aromat. Najwy\u017csz\u0105 warto\u015b\u0107 wykazuj\u0105 kiedy s\u0105 spo\u017cywane na surowo, mog\u0105 by\u0107 tak\u017ce wykorzystywane do dekoracji potraw. M\u0142ode listki \u015bcinamy bezpo \u015brednio przed spo\u017cyciem, aby nie utraci\u0142y turgoru oraz warto\u015bci smakowych. W zale\u017cno\u015bci od gatunku mikrolistki s\u0105 gotowe do spo\u017cycia po 7-10 dniach od wysiewu.<\/p>","protected":false},"excerpt":{"rendered":"<p>Mikrolistki (microgreens) mog\u0105 stanowi\u0107 dobr\u0105 alternatyw\u0119 dla kie\u0142k\u00f3w. R\u00f3\u017cnica mi\u0119dzy nimi polega na sposobie wysiewu (produkcji) oraz na u\u017cytkowaniu ich na innym (p\u00f3\u017aniejszym) etapie rozwoju siewek. Nasiona wysiewane s\u0105 w pod\u0142o\u017cu glebowym w ci\u0105gu ca\u0142ego roku do doniczek, korytek czy innych pojemnik\u00f3w. Spo\u017cywane s\u0105 nadziemne cz\u0119\u015bci p\u0119d\u00f3w z m\u0142odymi listkami , kt\u00f3re s\u0105 skoncentrowanym, bardzo [&hellip;]<\/p>\n","protected":false},"featured_media":18170,"comment_status":"open","ping_status":"closed","template":"","meta":{"inline_featured_image":false},"product_cat":[106],"product_tag":[],"acf":[],"featured_image":"https:\/\/torseed.eu\/app\/uploads\/2023\/03\/9495.jpg","_links":{"self":[{"href":"https:\/\/torseed.eu\/ru\/wp-json\/wp\/v2\/product\/30947"}],"collection":[{"href":"https:\/\/torseed.eu\/ru\/wp-json\/wp\/v2\/product"}],"about":[{"href":"https:\/\/torseed.eu\/ru\/wp-json\/wp\/v2\/types\/product"}],"replies":[{"embeddable":true,"href":"https:\/\/torseed.eu\/ru\/wp-json\/wp\/v2\/comments?post=30947"}],"version-history":[{"count":0,"href":"https:\/\/torseed.eu\/ru\/wp-json\/wp\/v2\/product\/30947\/revisions"}],"wp:featuredmedia":[{"embeddable":true,"href":"https:\/\/torseed.eu\/ru\/wp-json\/wp\/v2\/media\/18170"}],"wp:attachment":[{"href":"https:\/\/torseed.eu\/ru\/wp-json\/wp\/v2\/media?parent=30947"}],"wp:term":[{"taxonomy":"product_cat","embeddable":true,"href":"https:\/\/torseed.eu\/ru\/wp-json\/wp\/v2\/product_cat?post=30947"},{"taxonomy":"product_tag","embeddable":true,"href":"https:\/\/torseed.eu\/ru\/wp-json\/wp\/v2\/product_tag?post=30947"}],"curies":[{"name":"wp","href":"https:\/\/api.w.org\/{rel}","templated":true}]}}