{"id":30961,"date":"2022-06-15T06:25:17","date_gmt":"2022-06-15T06:25:17","guid":{"rendered":"https:\/\/refactor-second-attempt.torseed.dev.greenparrot.pl\/produkt\/nasiona-na-kielki-slonecznik-ogrodowy\/"},"modified":"2023-03-29T18:39:14","modified_gmt":"2023-03-29T18:39:14","slug":"nasiona-na-kielki-slonecznik-ogrodowy","status":"publish","type":"product","link":"https:\/\/torseed.eu\/ru\/produkt\/nasiona-na-kielki-slonecznik-ogrodowy\/","title":{"rendered":"Nasiona na kie\u0142ki S\u0142onecznik ogrodowy"},"content":{"rendered":"<p>Kie\u0142ki s\u0142onecznika maj\u0105 du\u017co cynku i \u017celaza. Powinni je w\u0142\u0105czy\u0107 do diety nara\u017ceni na niedob\u00f3r tych pierwiastk\u00f3w wegetarianie. \u0179r\u00f3d\u0142o cennych sk\u0142adnik\u00f3w od\u017cywczych, witamin (A, C, D), mikroelement\u00f3w ienzym\u00f3w. Regularne spo\u017cywanie przeciwdzia\u0142a nowotworom, wirusom, u\u0142atwia trawienie, uaktywnia system odporno\u015bciowy organizmu.<\/p>","protected":false},"excerpt":{"rendered":"<p>Kie\u0142ki s\u0142onecznika maj\u0105 du\u017co cynku i \u017celaza. Powinni je w\u0142\u0105czy\u0107 do diety nara\u017ceni na niedob\u00f3r tych pierwiastk\u00f3w wegetarianie. \u0179r\u00f3d\u0142o cennych sk\u0142adnik\u00f3w od\u017cywczych, witamin (A, C, D), mikroelement\u00f3w ienzym\u00f3w. Regularne spo\u017cywanie przeciwdzia\u0142a nowotworom, wirusom, u\u0142atwia trawienie, uaktywnia system odporno\u015bciowy organizmu.<\/p>\n","protected":false},"featured_media":27572,"comment_status":"open","ping_status":"closed","template":"","meta":{"inline_featured_image":false},"product_cat":[100,104],"product_tag":[],"acf":[],"featured_image":"https:\/\/torseed.eu\/app\/uploads\/2023\/03\/642.jpg","_links":{"self":[{"href":"https:\/\/torseed.eu\/ru\/wp-json\/wp\/v2\/product\/30961"}],"collection":[{"href":"https:\/\/torseed.eu\/ru\/wp-json\/wp\/v2\/product"}],"about":[{"href":"https:\/\/torseed.eu\/ru\/wp-json\/wp\/v2\/types\/product"}],"replies":[{"embeddable":true,"href":"https:\/\/torseed.eu\/ru\/wp-json\/wp\/v2\/comments?post=30961"}],"version-history":[{"count":0,"href":"https:\/\/torseed.eu\/ru\/wp-json\/wp\/v2\/product\/30961\/revisions"}],"wp:featuredmedia":[{"embeddable":true,"href":"https:\/\/torseed.eu\/ru\/wp-json\/wp\/v2\/media\/27572"}],"wp:attachment":[{"href":"https:\/\/torseed.eu\/ru\/wp-json\/wp\/v2\/media?parent=30961"}],"wp:term":[{"taxonomy":"product_cat","embeddable":true,"href":"https:\/\/torseed.eu\/ru\/wp-json\/wp\/v2\/product_cat?post=30961"},{"taxonomy":"product_tag","embeddable":true,"href":"https:\/\/torseed.eu\/ru\/wp-json\/wp\/v2\/product_tag?post=30961"}],"curies":[{"name":"wp","href":"https:\/\/api.w.org\/{rel}","templated":true}]}}