{"id":30963,"date":"2022-06-15T06:25:15","date_gmt":"2022-06-15T06:25:15","guid":{"rendered":"https:\/\/refactor-second-attempt.torseed.dev.greenparrot.pl\/produkt\/nasiona-na-kielki-rzodkiewka\/"},"modified":"2023-03-29T18:39:30","modified_gmt":"2023-03-29T18:39:30","slug":"nasiona-na-kielki-rzodkiewka","status":"publish","type":"product","link":"https:\/\/torseed.eu\/ru\/produkt\/nasiona-na-kielki-rzodkiewka\/","title":{"rendered":"Nasiona na kie\u0142ki Rzodkiewka"},"content":{"rendered":"<p>Dzi\u0119ki du\u017cej ilo\u015bci wit. C podnosz\u0105 odporno\u015bci organizmu. Regularne spo\u017cywane przeciwdzia\u0142a nowotworom, wirusom, u\u0142atwia trawienie. Poprawiaj\u0105 pami\u0119\u0107 i posiadaj\u0105 w\u0142a\u015bciwo\u015bci pobudzaj\u0105ce. Kie\u0142ki rzodkiewki zawieraj\u0105 du\u017co siarki, dlatego korzystnie wp\u0142ywaj\u0105 na stan sk\u00f3ry, w\u0142os\u00f3w i paznokci. Kie\u0142ki rzodkiewki maj\u0105 ostry, pieprzny smak. Moga nimi zast\u0119powac szczypiorek, dobrze komponuj\u0105 si\u0119 z sosami \u015bmietanowymi i majonezowymi oraz potrawami jajecznymi.<\/p>","protected":false},"excerpt":{"rendered":"<p>Dzi\u0119ki du\u017cej ilo\u015bci wit. C podnosz\u0105 odporno\u015bci organizmu. Regularne spo\u017cywane przeciwdzia\u0142a nowotworom, wirusom, u\u0142atwia trawienie. Poprawiaj\u0105 pami\u0119\u0107 i posiadaj\u0105 w\u0142a\u015bciwo\u015bci pobudzaj\u0105ce. Kie\u0142ki rzodkiewki zawieraj\u0105 du\u017co siarki, dlatego korzystnie wp\u0142ywaj\u0105 na stan sk\u00f3ry, w\u0142os\u00f3w i paznokci. Kie\u0142ki rzodkiewki maj\u0105 ostry, pieprzny smak. Moga nimi zast\u0119powac szczypiorek, dobrze komponuj\u0105 si\u0119 z sosami \u015bmietanowymi i majonezowymi oraz potrawami [&hellip;]<\/p>\n","protected":false},"featured_media":18114,"comment_status":"open","ping_status":"closed","template":"","meta":{"inline_featured_image":false},"product_cat":[100,104],"product_tag":[],"acf":[],"featured_image":"https:\/\/torseed.eu\/app\/uploads\/2023\/03\/641.jpg","_links":{"self":[{"href":"https:\/\/torseed.eu\/ru\/wp-json\/wp\/v2\/product\/30963"}],"collection":[{"href":"https:\/\/torseed.eu\/ru\/wp-json\/wp\/v2\/product"}],"about":[{"href":"https:\/\/torseed.eu\/ru\/wp-json\/wp\/v2\/types\/product"}],"replies":[{"embeddable":true,"href":"https:\/\/torseed.eu\/ru\/wp-json\/wp\/v2\/comments?post=30963"}],"version-history":[{"count":0,"href":"https:\/\/torseed.eu\/ru\/wp-json\/wp\/v2\/product\/30963\/revisions"}],"wp:featuredmedia":[{"embeddable":true,"href":"https:\/\/torseed.eu\/ru\/wp-json\/wp\/v2\/media\/18114"}],"wp:attachment":[{"href":"https:\/\/torseed.eu\/ru\/wp-json\/wp\/v2\/media?parent=30963"}],"wp:term":[{"taxonomy":"product_cat","embeddable":true,"href":"https:\/\/torseed.eu\/ru\/wp-json\/wp\/v2\/product_cat?post=30963"},{"taxonomy":"product_tag","embeddable":true,"href":"https:\/\/torseed.eu\/ru\/wp-json\/wp\/v2\/product_tag?post=30963"}],"curies":[{"name":"wp","href":"https:\/\/api.w.org\/{rel}","templated":true}]}}