{"id":30968,"date":"2022-06-15T06:25:06","date_gmt":"2022-06-15T06:25:06","guid":{"rendered":"https:\/\/refactor-second-attempt.torseed.dev.greenparrot.pl\/produkt\/nasiona-na-kielki-pszenica\/"},"modified":"2023-03-29T18:39:35","modified_gmt":"2023-03-29T18:39:35","slug":"nasiona-na-kielki-pszenica","status":"publish","type":"product","link":"https:\/\/torseed.eu\/ru\/produkt\/nasiona-na-kielki-pszenica\/","title":{"rendered":"Nasiona na kie\u0142ki Pszenica"},"content":{"rendered":"<p>Kie\u0142ki s\u0105 \u017ar\u00f3d\u0142em cennych sk\u0142adnik\u00f3w od\u017cywczych, witamin, mikroelement\u00f3w i enzym\u00f3w. Obfituj\u0105 w \u017celazo, mied\u017a, wit. b6. S\u0105 wskazane dla os\u00f3b zm\u0119czonych i zestresowanych. Poprawiaj\u0105 trawienie, pami\u0119\u0107 i posiadaj\u0105 w\u0142a\u015bciwo\u015bci pobudzaj\u0105ce. W zale\u017cno\u015bci od upodoba\u0144 dodajemy do sa\u0142atek, past twarogowych i rybnych, ser\u00f3w i kanapek.<\/p>","protected":false},"excerpt":{"rendered":"<p>Kie\u0142ki s\u0105 \u017ar\u00f3d\u0142em cennych sk\u0142adnik\u00f3w od\u017cywczych, witamin, mikroelement\u00f3w i enzym\u00f3w. Obfituj\u0105 w \u017celazo, mied\u017a, wit. b6. S\u0105 wskazane dla os\u00f3b zm\u0119czonych i zestresowanych. Poprawiaj\u0105 trawienie, pami\u0119\u0107 i posiadaj\u0105 w\u0142a\u015bciwo\u015bci pobudzaj\u0105ce. W zale\u017cno\u015bci od upodoba\u0144 dodajemy do sa\u0142atek, past twarogowych i rybnych, ser\u00f3w i kanapek.<\/p>\n","protected":false},"featured_media":27537,"comment_status":"open","ping_status":"closed","template":"","meta":{"inline_featured_image":false},"product_cat":[100,104],"product_tag":[],"acf":[],"featured_image":"https:\/\/torseed.eu\/app\/uploads\/2023\/03\/638.jpg","_links":{"self":[{"href":"https:\/\/torseed.eu\/ru\/wp-json\/wp\/v2\/product\/30968"}],"collection":[{"href":"https:\/\/torseed.eu\/ru\/wp-json\/wp\/v2\/product"}],"about":[{"href":"https:\/\/torseed.eu\/ru\/wp-json\/wp\/v2\/types\/product"}],"replies":[{"embeddable":true,"href":"https:\/\/torseed.eu\/ru\/wp-json\/wp\/v2\/comments?post=30968"}],"version-history":[{"count":0,"href":"https:\/\/torseed.eu\/ru\/wp-json\/wp\/v2\/product\/30968\/revisions"}],"wp:featuredmedia":[{"embeddable":true,"href":"https:\/\/torseed.eu\/ru\/wp-json\/wp\/v2\/media\/27537"}],"wp:attachment":[{"href":"https:\/\/torseed.eu\/ru\/wp-json\/wp\/v2\/media?parent=30968"}],"wp:term":[{"taxonomy":"product_cat","embeddable":true,"href":"https:\/\/torseed.eu\/ru\/wp-json\/wp\/v2\/product_cat?post=30968"},{"taxonomy":"product_tag","embeddable":true,"href":"https:\/\/torseed.eu\/ru\/wp-json\/wp\/v2\/product_tag?post=30968"}],"curies":[{"name":"wp","href":"https:\/\/api.w.org\/{rel}","templated":true}]}}