{"id":30969,"date":"2022-06-15T06:25:05","date_gmt":"2022-06-15T06:25:05","guid":{"rendered":"https:\/\/refactor-second-attempt.torseed.dev.greenparrot.pl\/produkt\/nasiona-na-kielki-mizuna\/"},"modified":"2023-03-29T18:39:35","modified_gmt":"2023-03-29T18:39:35","slug":"nasiona-na-kielki-mizuna","status":"publish","type":"product","link":"https:\/\/torseed.eu\/ru\/produkt\/nasiona-na-kielki-mizuna\/","title":{"rendered":"Nasiona na kie\u0142ki Mizuna"},"content":{"rendered":"<p>Kie\u0142ki mizuny posiadaj\u0105 lekko pikantny, musztardowy smak. S\u0105 \u017ar\u00f3d\u0142em naturalnych przeciwutleniaczy, witamin A, C, K oraz wielu sk\u0142adnik\u00f3w mineralnych, kt\u00f3re wzmacniaj\u0105 uk\u0142ad odporno\u015bciowy i kostny. Wykazuj\u0105 r\u00f3wnie\u017c dzia\u0142anie antynowotworowe.<\/p>","protected":false},"excerpt":{"rendered":"<p>Kie\u0142ki mizuny posiadaj\u0105 lekko pikantny, musztardowy smak. S\u0105 \u017ar\u00f3d\u0142em naturalnych przeciwutleniaczy, witamin A, C, K oraz wielu sk\u0142adnik\u00f3w mineralnych, kt\u00f3re wzmacniaj\u0105 uk\u0142ad odporno\u015bciowy i kostny. Wykazuj\u0105 r\u00f3wnie\u017c dzia\u0142anie antynowotworowe.<\/p>\n","protected":false},"featured_media":18096,"comment_status":"open","ping_status":"closed","template":"","meta":{"inline_featured_image":false},"product_cat":[100,104],"product_tag":[],"acf":[],"featured_image":"https:\/\/torseed.eu\/app\/uploads\/2023\/03\/9483.jpg","_links":{"self":[{"href":"https:\/\/torseed.eu\/ru\/wp-json\/wp\/v2\/product\/30969"}],"collection":[{"href":"https:\/\/torseed.eu\/ru\/wp-json\/wp\/v2\/product"}],"about":[{"href":"https:\/\/torseed.eu\/ru\/wp-json\/wp\/v2\/types\/product"}],"replies":[{"embeddable":true,"href":"https:\/\/torseed.eu\/ru\/wp-json\/wp\/v2\/comments?post=30969"}],"version-history":[{"count":0,"href":"https:\/\/torseed.eu\/ru\/wp-json\/wp\/v2\/product\/30969\/revisions"}],"wp:featuredmedia":[{"embeddable":true,"href":"https:\/\/torseed.eu\/ru\/wp-json\/wp\/v2\/media\/18096"}],"wp:attachment":[{"href":"https:\/\/torseed.eu\/ru\/wp-json\/wp\/v2\/media?parent=30969"}],"wp:term":[{"taxonomy":"product_cat","embeddable":true,"href":"https:\/\/torseed.eu\/ru\/wp-json\/wp\/v2\/product_cat?post=30969"},{"taxonomy":"product_tag","embeddable":true,"href":"https:\/\/torseed.eu\/ru\/wp-json\/wp\/v2\/product_tag?post=30969"}],"curies":[{"name":"wp","href":"https:\/\/api.w.org\/{rel}","templated":true}]}}