{"id":30970,"date":"2022-06-15T06:25:05","date_gmt":"2022-06-15T06:25:05","guid":{"rendered":"https:\/\/refactor-second-attempt.torseed.dev.greenparrot.pl\/produkt\/nasiona-na-kielki-portulaka-warzywna\/"},"modified":"2023-03-29T18:39:36","modified_gmt":"2023-03-29T18:39:36","slug":"nasiona-na-kielki-portulaka-warzywna","status":"publish","type":"product","link":"https:\/\/torseed.eu\/ru\/produkt\/nasiona-na-kielki-portulaka-warzywna\/","title":{"rendered":"Nasiona na kie\u0142ki Portulaka warzywna"},"content":{"rendered":"<p>Kie\u0142ki portulaki s\u0105 bogate w witaminy A, C, B, kwasy organiczne, a tak\u017ce w przeciwutleniacze. Zawieraj\u0105 r\u00f3wnie\u017c znaczne ilo\u015bci \u017celaza, wapnia, sodu, potasu i magnezu. Ich spo\u017cywanie szczeg\u00f3lnie korzystnie oddzia\u0142ywane na uk\u0142ad nerwowy. Kwaskowy smak tych kie\u0142k\u00f3w doskonale komponuje si\u0119 w mieszankach sa\u0142atowych.<\/p>","protected":false},"excerpt":{"rendered":"<p>Kie\u0142ki portulaki s\u0105 bogate w witaminy A, C, B, kwasy organiczne, a tak\u017ce w przeciwutleniacze. Zawieraj\u0105 r\u00f3wnie\u017c znaczne ilo\u015bci \u017celaza, wapnia, sodu, potasu i magnezu. Ich spo\u017cywanie szczeg\u00f3lnie korzystnie oddzia\u0142ywane na uk\u0142ad nerwowy. Kwaskowy smak tych kie\u0142k\u00f3w doskonale komponuje si\u0119 w mieszankach sa\u0142atowych.<\/p>\n","protected":false},"featured_media":18099,"comment_status":"open","ping_status":"closed","template":"","meta":{"inline_featured_image":false},"product_cat":[100,104],"product_tag":[],"acf":[],"featured_image":"https:\/\/torseed.eu\/app\/uploads\/2023\/03\/9479.jpg","_links":{"self":[{"href":"https:\/\/torseed.eu\/ru\/wp-json\/wp\/v2\/product\/30970"}],"collection":[{"href":"https:\/\/torseed.eu\/ru\/wp-json\/wp\/v2\/product"}],"about":[{"href":"https:\/\/torseed.eu\/ru\/wp-json\/wp\/v2\/types\/product"}],"replies":[{"embeddable":true,"href":"https:\/\/torseed.eu\/ru\/wp-json\/wp\/v2\/comments?post=30970"}],"version-history":[{"count":0,"href":"https:\/\/torseed.eu\/ru\/wp-json\/wp\/v2\/product\/30970\/revisions"}],"wp:featuredmedia":[{"embeddable":true,"href":"https:\/\/torseed.eu\/ru\/wp-json\/wp\/v2\/media\/18099"}],"wp:attachment":[{"href":"https:\/\/torseed.eu\/ru\/wp-json\/wp\/v2\/media?parent=30970"}],"wp:term":[{"taxonomy":"product_cat","embeddable":true,"href":"https:\/\/torseed.eu\/ru\/wp-json\/wp\/v2\/product_cat?post=30970"},{"taxonomy":"product_tag","embeddable":true,"href":"https:\/\/torseed.eu\/ru\/wp-json\/wp\/v2\/product_tag?post=30970"}],"curies":[{"name":"wp","href":"https:\/\/api.w.org\/{rel}","templated":true}]}}