{"id":30971,"date":"2022-06-15T06:25:04","date_gmt":"2022-06-15T06:25:04","guid":{"rendered":"https:\/\/refactor-second-attempt.torseed.dev.greenparrot.pl\/produkt\/nasiona-na-kielki-lucerna\/"},"modified":"2023-03-29T18:39:37","modified_gmt":"2023-03-29T18:39:37","slug":"nasiona-na-kielki-lucerna","status":"publish","type":"product","link":"https:\/\/torseed.eu\/ru\/produkt\/nasiona-na-kielki-lucerna\/","title":{"rendered":"Nasiona na kie\u0142ki Lucerna"},"content":{"rendered":"<p>Kie\u0142ki s\u0105 \u017ar\u00f3d\u0142em cennych sk\u0142adnik\u00f3w od\u017cywczych, witamin, mikroelement\u00f3w i enzym\u00f3w. Podobnie jak kie\u0142ki soi, mo\u017cna dodawa\u0107 do potraw z woka i z patelni, najlepiej pod koniec sma\u017cenia. Zawieraj\u0105 rzadko wyst\u0119puj\u0105c\u0105 w ro\u015blinach wit. B, na kt\u00f3rej niedob\u00f3r nara\u017ceni s\u0105 wegetarianie. Poza tym s\u0105 bogate w wit. A, C i D oraz lecytyn\u0119. Poniewaz witamina B12 zapobiega anemii, kie\u0142ki lucerny powinny je\u015b\u0107 te\u017c kobiety w ci\u0105\u017cy i karmi\u0105ce piersi\u0105. Ponadto zawieraj\u0105 lecytyn\u0119, kt\u00f3ra wp\u0142ywa na popraw\u0119 pami\u0119ci. Kie\u0142ki lucerny dodaje si\u0119 do da\u0144 gor\u0105cych, szczeg\u00f3lnie do chi\u0144skich potraw.<\/p>","protected":false},"excerpt":{"rendered":"<p>Kie\u0142ki s\u0105 \u017ar\u00f3d\u0142em cennych sk\u0142adnik\u00f3w od\u017cywczych, witamin, mikroelement\u00f3w i enzym\u00f3w. Podobnie jak kie\u0142ki soi, mo\u017cna dodawa\u0107 do potraw z woka i z patelni, najlepiej pod koniec sma\u017cenia. Zawieraj\u0105 rzadko wyst\u0119puj\u0105c\u0105 w ro\u015blinach wit. B, na kt\u00f3rej niedob\u00f3r nara\u017ceni s\u0105 wegetarianie. Poza tym s\u0105 bogate w wit. A, C i D oraz lecytyn\u0119. Poniewaz witamina B12 [&hellip;]<\/p>\n","protected":false},"featured_media":18093,"comment_status":"open","ping_status":"closed","template":"","meta":{"inline_featured_image":false},"product_cat":[100,104],"product_tag":[],"acf":[],"featured_image":"https:\/\/torseed.eu\/app\/uploads\/2023\/03\/637.jpg","_links":{"self":[{"href":"https:\/\/torseed.eu\/ru\/wp-json\/wp\/v2\/product\/30971"}],"collection":[{"href":"https:\/\/torseed.eu\/ru\/wp-json\/wp\/v2\/product"}],"about":[{"href":"https:\/\/torseed.eu\/ru\/wp-json\/wp\/v2\/types\/product"}],"replies":[{"embeddable":true,"href":"https:\/\/torseed.eu\/ru\/wp-json\/wp\/v2\/comments?post=30971"}],"version-history":[{"count":0,"href":"https:\/\/torseed.eu\/ru\/wp-json\/wp\/v2\/product\/30971\/revisions"}],"wp:featuredmedia":[{"embeddable":true,"href":"https:\/\/torseed.eu\/ru\/wp-json\/wp\/v2\/media\/18093"}],"wp:attachment":[{"href":"https:\/\/torseed.eu\/ru\/wp-json\/wp\/v2\/media?parent=30971"}],"wp:term":[{"taxonomy":"product_cat","embeddable":true,"href":"https:\/\/torseed.eu\/ru\/wp-json\/wp\/v2\/product_cat?post=30971"},{"taxonomy":"product_tag","embeddable":true,"href":"https:\/\/torseed.eu\/ru\/wp-json\/wp\/v2\/product_tag?post=30971"}],"curies":[{"name":"wp","href":"https:\/\/api.w.org\/{rel}","templated":true}]}}