{"id":30972,"date":"2022-06-15T06:25:03","date_gmt":"2022-06-15T06:25:03","guid":{"rendered":"https:\/\/refactor-second-attempt.torseed.dev.greenparrot.pl\/produkt\/nasiona-na-kielki-kozieradka\/"},"modified":"2023-03-29T18:39:38","modified_gmt":"2023-03-29T18:39:38","slug":"nasiona-na-kielki-kozieradka","status":"publish","type":"product","link":"https:\/\/torseed.eu\/ru\/produkt\/nasiona-na-kielki-kozieradka\/","title":{"rendered":"Nasiona na kie\u0142ki Kozieradka"},"content":{"rendered":"<p>Kie\u0142ki kozieradki s\u0105 \u015bwietnym \u017ar\u00f3d\u0142em bia\u0142ka, \u017celaza oraz witamin A i C. Bardzo korzystnie wp\u0142ywaj\u0105 na funkcjonowanie w\u0105troby wspomagaj\u0105c oczyszczanie organizmu z toksyn. Usprawniaj\u0105 wch\u0142anianie sk\u0142adnik\u00f3w pokarmowych oraz zwi\u0119kszaj\u0105 wydzielanie soku trzustkowego i \u017co\u0142\u0105dkowego. Ich spo\u017cywanie powoduje dzia\u0142anie os\u0142onowe na b\u0142ony \u015bluzowe przewodu pokarmowego.<\/p>","protected":false},"excerpt":{"rendered":"<p>Kie\u0142ki kozieradki s\u0105 \u015bwietnym \u017ar\u00f3d\u0142em bia\u0142ka, \u017celaza oraz witamin A i C. Bardzo korzystnie wp\u0142ywaj\u0105 na funkcjonowanie w\u0105troby wspomagaj\u0105c oczyszczanie organizmu z toksyn. Usprawniaj\u0105 wch\u0142anianie sk\u0142adnik\u00f3w pokarmowych oraz zwi\u0119kszaj\u0105 wydzielanie soku trzustkowego i \u017co\u0142\u0105dkowego. Ich spo\u017cywanie powoduje dzia\u0142anie os\u0142onowe na b\u0142ony \u015bluzowe przewodu pokarmowego.<\/p>\n","protected":false},"featured_media":18090,"comment_status":"open","ping_status":"closed","template":"","meta":{"inline_featured_image":false},"product_cat":[100,104],"product_tag":[],"acf":[],"featured_image":"https:\/\/torseed.eu\/app\/uploads\/2023\/03\/9480.jpg","_links":{"self":[{"href":"https:\/\/torseed.eu\/ru\/wp-json\/wp\/v2\/product\/30972"}],"collection":[{"href":"https:\/\/torseed.eu\/ru\/wp-json\/wp\/v2\/product"}],"about":[{"href":"https:\/\/torseed.eu\/ru\/wp-json\/wp\/v2\/types\/product"}],"replies":[{"embeddable":true,"href":"https:\/\/torseed.eu\/ru\/wp-json\/wp\/v2\/comments?post=30972"}],"version-history":[{"count":0,"href":"https:\/\/torseed.eu\/ru\/wp-json\/wp\/v2\/product\/30972\/revisions"}],"wp:featuredmedia":[{"embeddable":true,"href":"https:\/\/torseed.eu\/ru\/wp-json\/wp\/v2\/media\/18090"}],"wp:attachment":[{"href":"https:\/\/torseed.eu\/ru\/wp-json\/wp\/v2\/media?parent=30972"}],"wp:term":[{"taxonomy":"product_cat","embeddable":true,"href":"https:\/\/torseed.eu\/ru\/wp-json\/wp\/v2\/product_cat?post=30972"},{"taxonomy":"product_tag","embeddable":true,"href":"https:\/\/torseed.eu\/ru\/wp-json\/wp\/v2\/product_tag?post=30972"}],"curies":[{"name":"wp","href":"https:\/\/api.w.org\/{rel}","templated":true}]}}