{"id":30974,"date":"2022-06-15T06:25:01","date_gmt":"2022-06-15T06:25:01","guid":{"rendered":"https:\/\/refactor-second-attempt.torseed.dev.greenparrot.pl\/produkt\/nasiona-na-kielki-kalarepa-czerwona\/"},"modified":"2023-03-29T18:39:39","modified_gmt":"2023-03-29T18:39:39","slug":"nasiona-na-kielki-kalarepa-czerwona","status":"publish","type":"product","link":"https:\/\/torseed.eu\/ru\/produkt\/nasiona-na-kielki-kalarepa-czerwona\/","title":{"rendered":"Nasiona na kie\u0142ki Kalarepa czerwona"},"content":{"rendered":"<p>\u0179r\u00f3d\u0142o cennych sk\u0142adnik\u00f3w od\u017cywczych, witamin (A, C, D), mikroelement\u00f3w i enzym\u00f3w. Regularne spo\u017cywanie przeciwdzia\u0142a nowotworom, wirusom, u\u0142atwia trawienie, uaktywnia system odporno\u015bciowy organizmu. Poprawia pami\u0119\u0107 i posiada w\u0142a\u015bciwo\u015bci pobudzaj\u0105ce. W zale\u017cno\u015bci od naszych upodoba\u0144 dodajemy do sa\u0142atek, past twarogowych i rybnych, ser\u00f3w i kanapek.<\/p>","protected":false},"excerpt":{"rendered":"<p>\u0179r\u00f3d\u0142o cennych sk\u0142adnik\u00f3w od\u017cywczych, witamin (A, C, D), mikroelement\u00f3w i enzym\u00f3w. Regularne spo\u017cywanie przeciwdzia\u0142a nowotworom, wirusom, u\u0142atwia trawienie, uaktywnia system odporno\u015bciowy organizmu. Poprawia pami\u0119\u0107 i posiada w\u0142a\u015bciwo\u015bci pobudzaj\u0105ce. W zale\u017cno\u015bci od naszych upodoba\u0144 dodajemy do sa\u0142atek, past twarogowych i rybnych, ser\u00f3w i kanapek.<\/p>\n","protected":false},"featured_media":18084,"comment_status":"open","ping_status":"closed","template":"","meta":{"inline_featured_image":false},"product_cat":[100,104],"product_tag":[],"acf":[],"featured_image":"https:\/\/torseed.eu\/app\/uploads\/2023\/03\/8168.jpg","_links":{"self":[{"href":"https:\/\/torseed.eu\/ru\/wp-json\/wp\/v2\/product\/30974"}],"collection":[{"href":"https:\/\/torseed.eu\/ru\/wp-json\/wp\/v2\/product"}],"about":[{"href":"https:\/\/torseed.eu\/ru\/wp-json\/wp\/v2\/types\/product"}],"replies":[{"embeddable":true,"href":"https:\/\/torseed.eu\/ru\/wp-json\/wp\/v2\/comments?post=30974"}],"version-history":[{"count":0,"href":"https:\/\/torseed.eu\/ru\/wp-json\/wp\/v2\/product\/30974\/revisions"}],"wp:featuredmedia":[{"embeddable":true,"href":"https:\/\/torseed.eu\/ru\/wp-json\/wp\/v2\/media\/18084"}],"wp:attachment":[{"href":"https:\/\/torseed.eu\/ru\/wp-json\/wp\/v2\/media?parent=30974"}],"wp:term":[{"taxonomy":"product_cat","embeddable":true,"href":"https:\/\/torseed.eu\/ru\/wp-json\/wp\/v2\/product_cat?post=30974"},{"taxonomy":"product_tag","embeddable":true,"href":"https:\/\/torseed.eu\/ru\/wp-json\/wp\/v2\/product_tag?post=30974"}],"curies":[{"name":"wp","href":"https:\/\/api.w.org\/{rel}","templated":true}]}}