{"id":30975,"date":"2022-06-15T06:24:55","date_gmt":"2022-06-15T06:24:55","guid":{"rendered":"https:\/\/refactor-second-attempt.torseed.dev.greenparrot.pl\/produkt\/nasiona-na-kielki-jarmuz\/"},"modified":"2023-03-29T18:39:40","modified_gmt":"2023-03-29T18:39:40","slug":"nasiona-na-kielki-jarmuz","status":"publish","type":"product","link":"https:\/\/torseed.eu\/ru\/produkt\/nasiona-na-kielki-jarmuz\/","title":{"rendered":"Nasiona na kie\u0142ki Jarmu\u017c"},"content":{"rendered":"<p>Bylina p\u0142o\u017c\u0105ca o drobnych r\u00f3\u017cowo-czerwonych kwiatach. Wymaga gleby  oboj\u0119tnej do lekko zasadowej. Zastosowanie: na rabaty bylinowe, do ogr\u00f3dk\u00f3w skalnych.<\/p>","protected":false},"excerpt":{"rendered":"<p>Bylina p\u0142o\u017c\u0105ca o drobnych r\u00f3\u017cowo-czerwonych kwiatach. Wymaga gleby oboj\u0119tnej do lekko zasadowej. Zastosowanie: na rabaty bylinowe, do ogr\u00f3dk\u00f3w skalnych.<\/p>\n","protected":false},"featured_media":27502,"comment_status":"open","ping_status":"closed","template":"","meta":{"inline_featured_image":false},"product_cat":[100,104],"product_tag":[],"acf":[],"featured_image":"https:\/\/torseed.eu\/app\/uploads\/2023\/03\/9154.jpg","_links":{"self":[{"href":"https:\/\/torseed.eu\/ru\/wp-json\/wp\/v2\/product\/30975"}],"collection":[{"href":"https:\/\/torseed.eu\/ru\/wp-json\/wp\/v2\/product"}],"about":[{"href":"https:\/\/torseed.eu\/ru\/wp-json\/wp\/v2\/types\/product"}],"replies":[{"embeddable":true,"href":"https:\/\/torseed.eu\/ru\/wp-json\/wp\/v2\/comments?post=30975"}],"version-history":[{"count":0,"href":"https:\/\/torseed.eu\/ru\/wp-json\/wp\/v2\/product\/30975\/revisions"}],"wp:featuredmedia":[{"embeddable":true,"href":"https:\/\/torseed.eu\/ru\/wp-json\/wp\/v2\/media\/27502"}],"wp:attachment":[{"href":"https:\/\/torseed.eu\/ru\/wp-json\/wp\/v2\/media?parent=30975"}],"wp:term":[{"taxonomy":"product_cat","embeddable":true,"href":"https:\/\/torseed.eu\/ru\/wp-json\/wp\/v2\/product_cat?post=30975"},{"taxonomy":"product_tag","embeddable":true,"href":"https:\/\/torseed.eu\/ru\/wp-json\/wp\/v2\/product_tag?post=30975"}],"curies":[{"name":"wp","href":"https:\/\/api.w.org\/{rel}","templated":true}]}}