{"id":30976,"date":"2022-06-15T06:24:54","date_gmt":"2022-06-15T06:24:54","guid":{"rendered":"https:\/\/refactor-second-attempt.torseed.dev.greenparrot.pl\/produkt\/nasiona-na-kielki-groch-cukrowy\/"},"modified":"2023-03-29T18:39:40","modified_gmt":"2023-03-29T18:39:40","slug":"nasiona-na-kielki-groch-cukrowy","status":"publish","type":"product","link":"https:\/\/torseed.eu\/ru\/produkt\/nasiona-na-kielki-groch-cukrowy\/","title":{"rendered":"Nasiona na kie\u0142ki Groch cukrowy"},"content":{"rendered":"<p>\u0179r\u00f3d\u0142o cennych sk\u0142adnik\u00f3w od\u017cywczych, witamin (A, C, D) mikroelement\u00f3w i enzym\u00f3w. Regularne spo\u017cywanie przeciwdzia\u0142a nowotworom, wirusom, u\u0142atwia trawienie, uaktywnia system odporno\u015bciowy organizmu. Poprawia pami\u0119\u0107 i posiada w\u0142a\u015bciwo\u015bci pobudzaj\u0105ce. W zale\u017cno\u015bci od naszych upodoba\u0144 dodajemy do sa\u0142atek, past twarogowych i rybnych, ser\u00f3w i kanapek.<\/p>","protected":false},"excerpt":{"rendered":"<p>\u0179r\u00f3d\u0142o cennych sk\u0142adnik\u00f3w od\u017cywczych, witamin (A, C, D) mikroelement\u00f3w i enzym\u00f3w. Regularne spo\u017cywanie przeciwdzia\u0142a nowotworom, wirusom, u\u0142atwia trawienie, uaktywnia system odporno\u015bciowy organizmu. Poprawia pami\u0119\u0107 i posiada w\u0142a\u015bciwo\u015bci pobudzaj\u0105ce. W zale\u017cno\u015bci od naszych upodoba\u0144 dodajemy do sa\u0142atek, past twarogowych i rybnych, ser\u00f3w i kanapek.<\/p>\n","protected":false},"featured_media":18078,"comment_status":"open","ping_status":"closed","template":"","meta":{"inline_featured_image":false},"product_cat":[100,104],"product_tag":[],"acf":[],"featured_image":"https:\/\/torseed.eu\/app\/uploads\/2023\/03\/634.jpg","_links":{"self":[{"href":"https:\/\/torseed.eu\/ru\/wp-json\/wp\/v2\/product\/30976"}],"collection":[{"href":"https:\/\/torseed.eu\/ru\/wp-json\/wp\/v2\/product"}],"about":[{"href":"https:\/\/torseed.eu\/ru\/wp-json\/wp\/v2\/types\/product"}],"replies":[{"embeddable":true,"href":"https:\/\/torseed.eu\/ru\/wp-json\/wp\/v2\/comments?post=30976"}],"version-history":[{"count":0,"href":"https:\/\/torseed.eu\/ru\/wp-json\/wp\/v2\/product\/30976\/revisions"}],"wp:featuredmedia":[{"embeddable":true,"href":"https:\/\/torseed.eu\/ru\/wp-json\/wp\/v2\/media\/18078"}],"wp:attachment":[{"href":"https:\/\/torseed.eu\/ru\/wp-json\/wp\/v2\/media?parent=30976"}],"wp:term":[{"taxonomy":"product_cat","embeddable":true,"href":"https:\/\/torseed.eu\/ru\/wp-json\/wp\/v2\/product_cat?post=30976"},{"taxonomy":"product_tag","embeddable":true,"href":"https:\/\/torseed.eu\/ru\/wp-json\/wp\/v2\/product_tag?post=30976"}],"curies":[{"name":"wp","href":"https:\/\/api.w.org\/{rel}","templated":true}]}}