{"id":30977,"date":"2022-06-15T06:24:53","date_gmt":"2022-06-15T06:24:53","guid":{"rendered":"https:\/\/refactor-second-attempt.torseed.dev.greenparrot.pl\/produkt\/nasiona-na-kielki-gorczyca-biala\/"},"modified":"2023-03-29T18:39:41","modified_gmt":"2023-03-29T18:39:41","slug":"nasiona-na-kielki-gorczyca-biala","status":"publish","type":"product","link":"https:\/\/torseed.eu\/ru\/produkt\/nasiona-na-kielki-gorczyca-biala\/","title":{"rendered":"Nasiona na kie\u0142ki Gorczyca bia\u0142a"},"content":{"rendered":"<p>Kie\u0142ki gorczycy bia\u0142ej wykazuj\u0105 dzia\u0142anie przeciwzapalne, powlekaj\u0105ce oraz pobudzaj\u0105ce trawienie. Ich spo\u017cycie wskazane jest g\u0142\u00f3wnie w chorobach przewodu pokarmowego, nie\u017cycie \u017co\u0142\u0105dka i jelit oraz niestrawno\u015bci. Kie\u0142ki gorczycy maj\u0105 pikantny smak, dobrze komponuj\u0105cy si\u0119 z wi\u0119kszo\u015bci\u0105 potraw. Wskazane jest spo\u017cywanie kie\u0142k\u00f3w na surowo.<\/p>","protected":false},"excerpt":{"rendered":"<p>Kie\u0142ki gorczycy bia\u0142ej wykazuj\u0105 dzia\u0142anie przeciwzapalne, powlekaj\u0105ce oraz pobudzaj\u0105ce trawienie. Ich spo\u017cycie wskazane jest g\u0142\u00f3wnie w chorobach przewodu pokarmowego, nie\u017cycie \u017co\u0142\u0105dka i jelit oraz niestrawno\u015bci. Kie\u0142ki gorczycy maj\u0105 pikantny smak, dobrze komponuj\u0105cy si\u0119 z wi\u0119kszo\u015bci\u0105 potraw. Wskazane jest spo\u017cywanie kie\u0142k\u00f3w na surowo.<\/p>\n","protected":false},"featured_media":18075,"comment_status":"open","ping_status":"closed","template":"","meta":{"inline_featured_image":false},"product_cat":[100,104],"product_tag":[],"acf":[],"featured_image":"https:\/\/torseed.eu\/app\/uploads\/2023\/03\/8302.jpg","_links":{"self":[{"href":"https:\/\/torseed.eu\/ru\/wp-json\/wp\/v2\/product\/30977"}],"collection":[{"href":"https:\/\/torseed.eu\/ru\/wp-json\/wp\/v2\/product"}],"about":[{"href":"https:\/\/torseed.eu\/ru\/wp-json\/wp\/v2\/types\/product"}],"replies":[{"embeddable":true,"href":"https:\/\/torseed.eu\/ru\/wp-json\/wp\/v2\/comments?post=30977"}],"version-history":[{"count":0,"href":"https:\/\/torseed.eu\/ru\/wp-json\/wp\/v2\/product\/30977\/revisions"}],"wp:featuredmedia":[{"embeddable":true,"href":"https:\/\/torseed.eu\/ru\/wp-json\/wp\/v2\/media\/18075"}],"wp:attachment":[{"href":"https:\/\/torseed.eu\/ru\/wp-json\/wp\/v2\/media?parent=30977"}],"wp:term":[{"taxonomy":"product_cat","embeddable":true,"href":"https:\/\/torseed.eu\/ru\/wp-json\/wp\/v2\/product_cat?post=30977"},{"taxonomy":"product_tag","embeddable":true,"href":"https:\/\/torseed.eu\/ru\/wp-json\/wp\/v2\/product_tag?post=30977"}],"curies":[{"name":"wp","href":"https:\/\/api.w.org\/{rel}","templated":true}]}}