{"id":30979,"date":"2022-06-15T06:24:51","date_gmt":"2022-06-15T06:24:51","guid":{"rendered":"https:\/\/refactor-second-attempt.torseed.dev.greenparrot.pl\/produkt\/nasiona-na-kielki-cebula\/"},"modified":"2023-03-29T18:39:43","modified_gmt":"2023-03-29T18:39:43","slug":"nasiona-na-kielki-cebula","status":"publish","type":"product","link":"https:\/\/torseed.eu\/ru\/produkt\/nasiona-na-kielki-cebula\/","title":{"rendered":"Nasiona na kie\u0142ki Cebula"},"content":{"rendered":"<p>Kie\u0142ki cebuli dzia\u0142aj\u0105 na organizm przede wszystkim bakteriob\u00f3jczo i odkwaszaj\u0105co. S\u0105 wyj\u0105tkowo bogate w witamin\u0119 C, selen, siark\u0119, fluor, mangan, wap\u0144, \u017celazo i magnez. Regularne ich spo\u017cywanie oczyszcza krew, powoduje spadek ci\u015bnienia i zawarto\u015bci cukru we krwi, a tak\u017ce reguluje poziom cholesterolu. Wskazane jest spo\u017cywanie kie\u0142k\u00f3w na surowo.<\/p>","protected":false},"excerpt":{"rendered":"<p>Kie\u0142ki cebuli dzia\u0142aj\u0105 na organizm przede wszystkim bakteriob\u00f3jczo i odkwaszaj\u0105co. S\u0105 wyj\u0105tkowo bogate w witamin\u0119 C, selen, siark\u0119, fluor, mangan, wap\u0144, \u017celazo i magnez. Regularne ich spo\u017cywanie oczyszcza krew, powoduje spadek ci\u015bnienia i zawarto\u015bci cukru we krwi, a tak\u017ce reguluje poziom cholesterolu. Wskazane jest spo\u017cywanie kie\u0142k\u00f3w na surowo.<\/p>\n","protected":false},"featured_media":18066,"comment_status":"open","ping_status":"closed","template":"","meta":{"inline_featured_image":false},"product_cat":[100,104],"product_tag":[],"acf":[],"featured_image":"https:\/\/torseed.eu\/app\/uploads\/2023\/03\/8279.jpg","_links":{"self":[{"href":"https:\/\/torseed.eu\/ru\/wp-json\/wp\/v2\/product\/30979"}],"collection":[{"href":"https:\/\/torseed.eu\/ru\/wp-json\/wp\/v2\/product"}],"about":[{"href":"https:\/\/torseed.eu\/ru\/wp-json\/wp\/v2\/types\/product"}],"replies":[{"embeddable":true,"href":"https:\/\/torseed.eu\/ru\/wp-json\/wp\/v2\/comments?post=30979"}],"version-history":[{"count":0,"href":"https:\/\/torseed.eu\/ru\/wp-json\/wp\/v2\/product\/30979\/revisions"}],"wp:featuredmedia":[{"embeddable":true,"href":"https:\/\/torseed.eu\/ru\/wp-json\/wp\/v2\/media\/18066"}],"wp:attachment":[{"href":"https:\/\/torseed.eu\/ru\/wp-json\/wp\/v2\/media?parent=30979"}],"wp:term":[{"taxonomy":"product_cat","embeddable":true,"href":"https:\/\/torseed.eu\/ru\/wp-json\/wp\/v2\/product_cat?post=30979"},{"taxonomy":"product_tag","embeddable":true,"href":"https:\/\/torseed.eu\/ru\/wp-json\/wp\/v2\/product_tag?post=30979"}],"curies":[{"name":"wp","href":"https:\/\/api.w.org\/{rel}","templated":true}]}}