{"id":30981,"date":"2022-06-15T06:24:50","date_gmt":"2022-06-15T06:24:50","guid":{"rendered":"https:\/\/refactor-second-attempt.torseed.dev.greenparrot.pl\/produkt\/nasiona-na-kielki-burak-cwiklowy-czerwony\/"},"modified":"2023-03-29T18:39:45","modified_gmt":"2023-03-29T18:39:45","slug":"nasiona-na-kielki-burak-cwiklowy-czerwony","status":"publish","type":"product","link":"https:\/\/torseed.eu\/ru\/produkt\/nasiona-na-kielki-burak-cwiklowy-czerwony\/","title":{"rendered":"Nasiona na kie\u0142ki Burak \u0107wik\u0142owy czerwony"},"content":{"rendered":"\n<p>\u0179r\u00f3d\u0142o cennych sk\u0142adnik\u00f3w od\u017cywczych, witamin (A,C,D), mikroelement\u00f3w i\u00a0enzym\u00f3w. Regularne spo\u017cywanie przeciwdzia\u0142a nowotworom, wirusom, u\u0142atwia trawienie, uaktywnia system odporno\u015bciowy organizmu. Poprawia pami\u0119\u0107 i\u00a0w\u0142a\u015bciwo\u015bci pobudzaj\u0105ce. W\u00a0zale\u017cno\u015bci od\u00a0upodoba\u0144 dodajemy do\u00a0sa\u0142atek, past twarogowych i\u00a0rybnych, ser\u00f3w i\u00a0kanapek.<\/p>\n","protected":false},"excerpt":{"rendered":"<p>\u0179r\u00f3d\u0142o cennych sk\u0142adnik\u00f3w od\u017cywczych, witamin (A,C,D), mikroelement\u00f3w i\u00a0enzym\u00f3w. Regularne spo\u017cywanie przeciwdzia\u0142a nowotworom, wirusom, u\u0142atwia trawienie, uaktywnia system odporno\u015bciowy organizmu. Poprawia pami\u0119\u0107 i\u00a0w\u0142a\u015bciwo\u015bci pobudzaj\u0105ce. W\u00a0zale\u017cno\u015bci od\u00a0upodoba\u0144 dodajemy do\u00a0sa\u0142atek, past twarogowych i\u00a0rybnych, ser\u00f3w i\u00a0kanapek.<\/p>\n","protected":false},"featured_media":18063,"comment_status":"open","ping_status":"closed","template":"","meta":{"inline_featured_image":false},"product_cat":[100,104],"product_tag":[],"acf":[],"featured_image":"https:\/\/torseed.eu\/app\/uploads\/2023\/03\/nasiona-na-kielki-burak-cwiklowy-czerwony-TOR208-08-g-1.jpg","_links":{"self":[{"href":"https:\/\/torseed.eu\/ru\/wp-json\/wp\/v2\/product\/30981"}],"collection":[{"href":"https:\/\/torseed.eu\/ru\/wp-json\/wp\/v2\/product"}],"about":[{"href":"https:\/\/torseed.eu\/ru\/wp-json\/wp\/v2\/types\/product"}],"replies":[{"embeddable":true,"href":"https:\/\/torseed.eu\/ru\/wp-json\/wp\/v2\/comments?post=30981"}],"version-history":[{"count":0,"href":"https:\/\/torseed.eu\/ru\/wp-json\/wp\/v2\/product\/30981\/revisions"}],"wp:featuredmedia":[{"embeddable":true,"href":"https:\/\/torseed.eu\/ru\/wp-json\/wp\/v2\/media\/18063"}],"wp:attachment":[{"href":"https:\/\/torseed.eu\/ru\/wp-json\/wp\/v2\/media?parent=30981"}],"wp:term":[{"taxonomy":"product_cat","embeddable":true,"href":"https:\/\/torseed.eu\/ru\/wp-json\/wp\/v2\/product_cat?post=30981"},{"taxonomy":"product_tag","embeddable":true,"href":"https:\/\/torseed.eu\/ru\/wp-json\/wp\/v2\/product_tag?post=30981"}],"curies":[{"name":"wp","href":"https:\/\/api.w.org\/{rel}","templated":true}]}}