{"id":30982,"date":"2022-06-15T06:24:49","date_gmt":"2022-06-15T06:24:49","guid":{"rendered":"https:\/\/refactor-second-attempt.torseed.dev.greenparrot.pl\/produkt\/nasiona-na-kielki-brukiew\/"},"modified":"2023-03-29T18:40:00","modified_gmt":"2023-03-29T18:40:00","slug":"nasiona-na-kielki-brukiew","status":"publish","type":"product","link":"https:\/\/torseed.eu\/ru\/produkt\/nasiona-na-kielki-brukiew\/","title":{"rendered":"Nasiona na kie\u0142ki Brukiew"},"content":{"rendered":"<p>Kie\u0142ki brukwi s\u0105 chrupi\u0105ce i posiadaj\u0105 \u015bwie\u017cy wyrazisty smak. Stanowi\u0105 \u017ar\u00f3d\u0142o witamin A, C, witamin z grupy B oraz sk\u0142adnik\u00f3w mineralnych takich jak \u017celazo, potas, magnez, siarka i cynk. Zawieraj\u0105 te\u017c du\u017ce ilo\u015bci bia\u0142ka, b\u0142onnika, olejku gorczycznego oraz glukozynolan\u00f3w chroni\u0105cych przed nowotworami. S\u0105 one wskazane r\u00f3wnie\u017c dla diabetyk\u00f3w. Ich spo\u017cywanie dobrze wp\u0142ywa na stan sk\u00f3ry, w\u0142os\u00f3w i paznokci, ponadto wspomaga oczyszczanie organizmu oraz dodaje si\u0142 witalnych. <\/p>","protected":false},"excerpt":{"rendered":"<p>Kie\u0142ki brukwi s\u0105 chrupi\u0105ce i posiadaj\u0105 \u015bwie\u017cy wyrazisty smak. Stanowi\u0105 \u017ar\u00f3d\u0142o witamin A, C, witamin z grupy B oraz sk\u0142adnik\u00f3w mineralnych takich jak \u017celazo, potas, magnez, siarka i cynk. Zawieraj\u0105 te\u017c du\u017ce ilo\u015bci bia\u0142ka, b\u0142onnika, olejku gorczycznego oraz glukozynolan\u00f3w chroni\u0105cych przed nowotworami. S\u0105 one wskazane r\u00f3wnie\u017c dla diabetyk\u00f3w. Ich spo\u017cywanie dobrze wp\u0142ywa na stan sk\u00f3ry, [&hellip;]<\/p>\n","protected":false},"featured_media":18060,"comment_status":"open","ping_status":"closed","template":"","meta":{"inline_featured_image":false},"product_cat":[100,104],"product_tag":[],"acf":[],"featured_image":"https:\/\/torseed.eu\/app\/uploads\/2023\/03\/9481.jpg","_links":{"self":[{"href":"https:\/\/torseed.eu\/ru\/wp-json\/wp\/v2\/product\/30982"}],"collection":[{"href":"https:\/\/torseed.eu\/ru\/wp-json\/wp\/v2\/product"}],"about":[{"href":"https:\/\/torseed.eu\/ru\/wp-json\/wp\/v2\/types\/product"}],"replies":[{"embeddable":true,"href":"https:\/\/torseed.eu\/ru\/wp-json\/wp\/v2\/comments?post=30982"}],"version-history":[{"count":0,"href":"https:\/\/torseed.eu\/ru\/wp-json\/wp\/v2\/product\/30982\/revisions"}],"wp:featuredmedia":[{"embeddable":true,"href":"https:\/\/torseed.eu\/ru\/wp-json\/wp\/v2\/media\/18060"}],"wp:attachment":[{"href":"https:\/\/torseed.eu\/ru\/wp-json\/wp\/v2\/media?parent=30982"}],"wp:term":[{"taxonomy":"product_cat","embeddable":true,"href":"https:\/\/torseed.eu\/ru\/wp-json\/wp\/v2\/product_cat?post=30982"},{"taxonomy":"product_tag","embeddable":true,"href":"https:\/\/torseed.eu\/ru\/wp-json\/wp\/v2\/product_tag?post=30982"}],"curies":[{"name":"wp","href":"https:\/\/api.w.org\/{rel}","templated":true}]}}