{"id":30983,"date":"2022-06-15T06:24:48","date_gmt":"2022-06-15T06:24:48","guid":{"rendered":"https:\/\/refactor-second-attempt.torseed.dev.greenparrot.pl\/produkt\/nasiona-na-kielki-brokul\/"},"modified":"2023-03-29T18:40:00","modified_gmt":"2023-03-29T18:40:00","slug":"nasiona-na-kielki-brokul","status":"publish","type":"product","link":"https:\/\/torseed.eu\/ru\/produkt\/nasiona-na-kielki-brokul\/","title":{"rendered":"Nasiona na kie\u0142ki Broku\u0142"},"content":{"rendered":"<p>Kie\u0142ki broku\u0142a, podobnie jak\u00a0broku\u0142 oraz inne ro\u015bliny z\u00a0rodziny krzy\u017cowych zawieraj\u0105 sulforafan \u2013 substancj\u0119 zapobiegaj\u0105c\u0105 powstawania raka. Istotne jest, \u017ce\u00a0kie\u0142ki zawieraj\u0105 nawet do\u00a020\u00a0razy wi\u0119cej sulforofanu ni\u017c\u00a0doros\u0142a ro\u015blina. Spo\u017cycie 50\u00a0g\u00a0kie\u0142k\u00f3w dostarcza organizmowi tyle samo substancji, co\u00a0spo\u017cycie 1\u00a0kg\u00a0broku\u0142a. Kie\u0142ki broku\u0142a, pikantne w\u00a0smaku, doskonale pasuj\u0105 do\u00a0kanapek i\u00a0mieszanych sa\u0142atek. W\u00a0zale\u017cno\u015bci od\u00a0upodoba\u0144 dodaje si\u0119\u00a0do\u00a0sa\u0142atek, past twarogowych i\u00a0rybnych, ser\u00f3w.<\/p>","protected":false},"excerpt":{"rendered":"<p>Kie\u0142ki broku\u0142a, podobnie jak\u00a0broku\u0142 oraz inne ro\u015bliny z\u00a0rodziny krzy\u017cowych zawieraj\u0105 sulforafan \u2013 substancj\u0119 zapobiegaj\u0105c\u0105 powstawania raka. Istotne jest, \u017ce\u00a0kie\u0142ki zawieraj\u0105 nawet do\u00a020\u00a0razy wi\u0119cej sulforofanu ni\u017c\u00a0doros\u0142a ro\u015blina. Spo\u017cycie 50\u00a0g\u00a0kie\u0142k\u00f3w dostarcza organizmowi tyle samo substancji, co\u00a0spo\u017cycie 1\u00a0kg\u00a0broku\u0142a. Kie\u0142ki broku\u0142a, pikantne w\u00a0smaku, doskonale pasuj\u0105 do\u00a0kanapek i\u00a0mieszanych sa\u0142atek. W\u00a0zale\u017cno\u015bci od\u00a0upodoba\u0144 dodaje si\u0119\u00a0do\u00a0sa\u0142atek, past twarogowych i\u00a0rybnych, ser\u00f3w.<\/p>\n","protected":false},"featured_media":27462,"comment_status":"open","ping_status":"closed","template":"","meta":{"inline_featured_image":false},"product_cat":[100,104],"product_tag":[],"acf":[],"featured_image":"https:\/\/torseed.eu\/app\/uploads\/2023\/03\/632.jpg","_links":{"self":[{"href":"https:\/\/torseed.eu\/ru\/wp-json\/wp\/v2\/product\/30983"}],"collection":[{"href":"https:\/\/torseed.eu\/ru\/wp-json\/wp\/v2\/product"}],"about":[{"href":"https:\/\/torseed.eu\/ru\/wp-json\/wp\/v2\/types\/product"}],"replies":[{"embeddable":true,"href":"https:\/\/torseed.eu\/ru\/wp-json\/wp\/v2\/comments?post=30983"}],"version-history":[{"count":0,"href":"https:\/\/torseed.eu\/ru\/wp-json\/wp\/v2\/product\/30983\/revisions"}],"wp:featuredmedia":[{"embeddable":true,"href":"https:\/\/torseed.eu\/ru\/wp-json\/wp\/v2\/media\/27462"}],"wp:attachment":[{"href":"https:\/\/torseed.eu\/ru\/wp-json\/wp\/v2\/media?parent=30983"}],"wp:term":[{"taxonomy":"product_cat","embeddable":true,"href":"https:\/\/torseed.eu\/ru\/wp-json\/wp\/v2\/product_cat?post=30983"},{"taxonomy":"product_tag","embeddable":true,"href":"https:\/\/torseed.eu\/ru\/wp-json\/wp\/v2\/product_tag?post=30983"}],"curies":[{"name":"wp","href":"https:\/\/api.w.org\/{rel}","templated":true}]}}