{"id":30985,"date":"2022-06-15T06:24:41","date_gmt":"2022-06-15T06:24:41","guid":{"rendered":"https:\/\/refactor-second-attempt.torseed.dev.greenparrot.pl\/produkt\/szalwia-lekarska\/"},"modified":"2023-03-29T18:40:01","modified_gmt":"2023-03-29T18:40:01","slug":"szalwia-lekarska","status":"publish","type":"product","link":"https:\/\/torseed.eu\/ru\/produkt\/szalwia-lekarska\/","title":{"rendered":"Sza\u0142wia lekarska"},"content":{"rendered":"<p>Ro\u015blina wieloletnia. Cz\u0119\u015b\u0107 u\u017cytkow\u0105 stanowi ziele dzia\u0142aj\u0105ce przeciwzapalnie i\u00a0antyseptycznie. \u015awie\u017ce li\u015bcie stosowane jako przyprawa do\u00a0zup, sos\u00f3w oraz potraw mi\u0119snych.<\/p>","protected":false},"excerpt":{"rendered":"<p>Ro\u015blina wieloletnia. Cz\u0119\u015b\u0107 u\u017cytkow\u0105 stanowi ziele dzia\u0142aj\u0105ce przeciwzapalnie i\u00a0antyseptycznie. \u015awie\u017ce li\u015bcie stosowane jako przyprawa do\u00a0zup, sos\u00f3w oraz potraw mi\u0119snych.<\/p>\n","protected":false},"featured_media":18048,"comment_status":"open","ping_status":"open","template":"","meta":{"inline_featured_image":false},"product_cat":[122],"product_tag":[],"acf":[],"featured_image":"https:\/\/torseed.eu\/app\/uploads\/2023\/03\/698.jpg","_links":{"self":[{"href":"https:\/\/torseed.eu\/ru\/wp-json\/wp\/v2\/product\/30985"}],"collection":[{"href":"https:\/\/torseed.eu\/ru\/wp-json\/wp\/v2\/product"}],"about":[{"href":"https:\/\/torseed.eu\/ru\/wp-json\/wp\/v2\/types\/product"}],"replies":[{"embeddable":true,"href":"https:\/\/torseed.eu\/ru\/wp-json\/wp\/v2\/comments?post=30985"}],"version-history":[{"count":0,"href":"https:\/\/torseed.eu\/ru\/wp-json\/wp\/v2\/product\/30985\/revisions"}],"wp:featuredmedia":[{"embeddable":true,"href":"https:\/\/torseed.eu\/ru\/wp-json\/wp\/v2\/media\/18048"}],"wp:attachment":[{"href":"https:\/\/torseed.eu\/ru\/wp-json\/wp\/v2\/media?parent=30985"}],"wp:term":[{"taxonomy":"product_cat","embeddable":true,"href":"https:\/\/torseed.eu\/ru\/wp-json\/wp\/v2\/product_cat?post=30985"},{"taxonomy":"product_tag","embeddable":true,"href":"https:\/\/torseed.eu\/ru\/wp-json\/wp\/v2\/product_tag?post=30985"}],"curies":[{"name":"wp","href":"https:\/\/api.w.org\/{rel}","templated":true}]}}